{"id":93,"date":"2024-05-07T12:35:11","date_gmt":"2024-05-07T10:35:11","guid":{"rendered":"http:\/\/xyz123.heinz.gmbh\/?page_id=93"},"modified":"2024-06-25T16:23:21","modified_gmt":"2024-06-25T14:23:21","slug":"news","status":"publish","type":"page","link":"https:\/\/heinz.gmbh\/en\/news\/","title":{"rendered":"News"},"content":{"rendered":"<div class=\"wp-block-query is-layout-flow wp-block-query-is-layout-flow\"><ul class=\"columns-3 wp-block-post-template is-layout-grid wp-container-core-post-template-is-layout-125c70a0 wp-block-post-template-is-layout-grid\"><li class=\"wp-block-post post-1169 post type-post status-publish format-standard has-post-thumbnail hentry category-allgemein category-job-fertigung tag-fertigung tag-job tag-karriere\">\n\n<div class=\"wp-block-group is-layout-flow wp-block-group-is-layout-flow\" style=\"padding-top:30px;padding-right:30px;padding-bottom:30px;padding-left:30px\"><figure style=\"height:200px;\" class=\"wp-block-post-featured-image\"><img loading=\"lazy\" decoding=\"async\" width=\"250\" height=\"146\" src=\"https:\/\/heinz.gmbh\/wp-content\/uploads\/2020\/01\/Wir-suchen-Verstaerkung.jpg\" class=\"attachment-post-thumbnail size-post-thumbnail wp-post-image\" alt=\"Wir suchen Verst\u00e4rkung\" style=\"height:200px;object-fit:cover;\" srcset=\"https:\/\/heinz.gmbh\/wp-content\/uploads\/2020\/01\/Wir-suchen-Verstaerkung.jpg 250w, https:\/\/heinz.gmbh\/wp-content\/uploads\/2020\/01\/Wir-suchen-Verstaerkung-18x12.jpg 18w\" sizes=\"auto, (max-width: 250px) 100vw, 250px\" \/><\/figure>\n\n<h2 class=\"wp-block-post-title\"><a href=\"https:\/\/heinz.gmbh\/en\/2025\/09\/01\/cnc-dreher-in-w-m-d\/\" target=\"_self\" >CNC-Dreher\/in (w\/m\/d)<\/a><\/h2>\n\n<div class=\"wp-block-post-excerpt\"><p class=\"wp-block-post-excerpt__excerpt\">CNC-Dreher\/in (w\/m\/d) in Vollzeit. Programmieren, Einrichten, Fertigen von Einzelteilen\/Kleinserien auf Drehmaschinen. 2-Schicht. Abgeschlossene Metallausbildung. <\/p><\/div>\n\n\n<div class=\"wp-block-columns is-layout-flex wp-container-core-columns-is-layout-28f84493 wp-block-columns-is-layout-flex\">\n<div class=\"wp-block-column is-layout-flow wp-block-column-is-layout-flow\"><div class=\"wp-block-post-date\"><time datetime=\"2025-09-01T15:44:09+02:00\">1. September 2025<\/time><\/div><\/div>\n\n\n\n<div class=\"wp-block-column is-layout-flow wp-block-column-is-layout-flow\"><a class=\"wp-block-read-more\" href=\"https:\/\/heinz.gmbh\/en\/2025\/09\/01\/cnc-dreher-in-w-m-d\/\" target=\"_self\">Read more<span class=\"screen-reader-text\">: CNC-Dreher\/in (w\/m\/d)<\/span><\/a><\/div>\n<\/div>\n<\/div>\n\n<\/li><li class=\"wp-block-post post-1164 post type-post status-publish format-standard has-post-thumbnail hentry category-allgemein category-job-fertigung tag-fertigung tag-job tag-karriere\">\n\n<div class=\"wp-block-group is-layout-flow wp-block-group-is-layout-flow\" style=\"padding-top:30px;padding-right:30px;padding-bottom:30px;padding-left:30px\"><figure style=\"height:200px;\" class=\"wp-block-post-featured-image\"><img loading=\"lazy\" decoding=\"async\" width=\"250\" height=\"146\" src=\"https:\/\/heinz.gmbh\/wp-content\/uploads\/2020\/01\/Wir-suchen-Verstaerkung.jpg\" class=\"attachment-post-thumbnail size-post-thumbnail wp-post-image\" alt=\"Wir suchen Verst\u00e4rkung\" style=\"height:200px;object-fit:cover;\" srcset=\"https:\/\/heinz.gmbh\/wp-content\/uploads\/2020\/01\/Wir-suchen-Verstaerkung.jpg 250w, https:\/\/heinz.gmbh\/wp-content\/uploads\/2020\/01\/Wir-suchen-Verstaerkung-18x12.jpg 18w\" sizes=\"auto, (max-width: 250px) 100vw, 250px\" \/><\/figure>\n\n<h2 class=\"wp-block-post-title\"><a href=\"https:\/\/heinz.gmbh\/en\/2025\/09\/01\/cnc-fraeser-in-w-m-d\/\" target=\"_self\" >CNC-Fr\u00e4ser\/in (w\/m\/d)<\/a><\/h2>\n\n<div class=\"wp-block-post-excerpt\"><p class=\"wp-block-post-excerpt__excerpt\">CNC-Fr\u00e4ser\/in (w\/m\/d) in Vollzeit. Programmieren, Einrichten, Fertigen von Einzelteilen\/Kleinserien auf Fr\u00e4smaschinen. 2-Schicht. Abgeschlossene Metallausbildung. <\/p><\/div>\n\n\n<div class=\"wp-block-columns is-layout-flex wp-container-core-columns-is-layout-28f84493 wp-block-columns-is-layout-flex\">\n<div class=\"wp-block-column is-layout-flow wp-block-column-is-layout-flow\"><div class=\"wp-block-post-date\"><time datetime=\"2025-09-01T15:13:19+02:00\">1. September 2025<\/time><\/div><\/div>\n\n\n\n<div class=\"wp-block-column is-layout-flow wp-block-column-is-layout-flow\"><a class=\"wp-block-read-more\" href=\"https:\/\/heinz.gmbh\/en\/2025\/09\/01\/cnc-fraeser-in-w-m-d\/\" target=\"_self\">Read more<span class=\"screen-reader-text\">: CNC-Fr\u00e4ser\/in (w\/m\/d)<\/span><\/a><\/div>\n<\/div>\n<\/div>\n\n<\/li><li class=\"wp-block-post post-896 post type-post status-publish format-standard has-post-thumbnail hentry category-job-headoffice tag-headoffice tag-job tag-karriere\">\n\n<div class=\"wp-block-group is-layout-flow wp-block-group-is-layout-flow\" style=\"padding-top:30px;padding-right:30px;padding-bottom:30px;padding-left:30px\"><figure style=\"height:200px;\" class=\"wp-block-post-featured-image\"><img loading=\"lazy\" decoding=\"async\" width=\"250\" height=\"146\" src=\"https:\/\/heinz.gmbh\/wp-content\/uploads\/2020\/01\/Wir-suchen-Verstaerkung.jpg\" class=\"attachment-post-thumbnail size-post-thumbnail wp-post-image\" alt=\"Wir suchen Verst\u00e4rkung\" style=\"height:200px;object-fit:cover;\" srcset=\"https:\/\/heinz.gmbh\/wp-content\/uploads\/2020\/01\/Wir-suchen-Verstaerkung.jpg 250w, https:\/\/heinz.gmbh\/wp-content\/uploads\/2020\/01\/Wir-suchen-Verstaerkung-18x12.jpg 18w\" sizes=\"auto, (max-width: 250px) 100vw, 250px\" \/><\/figure>\n\n<h2 class=\"wp-block-post-title\"><a href=\"https:\/\/heinz.gmbh\/en\/2024\/06\/01\/karriere-bei-heinz-headoffice\/\" target=\"_self\" >Career at HEINZ Head Office<\/a><\/h2>\n\n<div class=\"wp-block-post-excerpt\"><p class=\"wp-block-post-excerpt__excerpt\">We currently have no vacancies to fill. However, we are always happy to receive unsolicited applications from motivated and qualified professionals. <\/p><\/div>\n\n\n<div class=\"wp-block-columns is-layout-flex wp-container-core-columns-is-layout-28f84493 wp-block-columns-is-layout-flex\">\n<div class=\"wp-block-column is-layout-flow wp-block-column-is-layout-flow\"><div class=\"wp-block-post-date\"><time datetime=\"2024-06-01T09:00:00+02:00\">1. June 2024<\/time><\/div><\/div>\n\n\n\n<div class=\"wp-block-column is-layout-flow wp-block-column-is-layout-flow\"><a class=\"wp-block-read-more\" href=\"https:\/\/heinz.gmbh\/en\/2024\/06\/01\/karriere-bei-heinz-headoffice\/\" target=\"_self\">Read more<span class=\"screen-reader-text\">: Karriere bei HEINZ Headoffice<\/span><\/a><\/div>\n<\/div>\n<\/div>\n\n<\/li><li class=\"wp-block-post post-1023 post type-post status-publish format-standard has-post-thumbnail hentry category-allgemein category-kurvengetriebe tag-hr tag-ring tag-trommel\">\n\n<div class=\"wp-block-group is-layout-flow wp-block-group-is-layout-flow\" style=\"padding-top:30px;padding-right:30px;padding-bottom:30px;padding-left:30px\"><figure style=\"height:200px;\" class=\"wp-block-post-featured-image\"><img loading=\"lazy\" decoding=\"async\" width=\"500\" height=\"500\" src=\"https:\/\/heinz.gmbh\/wp-content\/uploads\/2024\/08\/HR-Baureihe.jpg\" class=\"attachment-post-thumbnail size-post-thumbnail wp-post-image\" alt=\"HR Rundtisch mit HEINZ-Logo\" style=\"height:200px;object-fit:cover;\" srcset=\"https:\/\/heinz.gmbh\/wp-content\/uploads\/2024\/08\/HR-Baureihe.jpg 500w, https:\/\/heinz.gmbh\/wp-content\/uploads\/2024\/08\/HR-Baureihe-300x300.jpg 300w, https:\/\/heinz.gmbh\/wp-content\/uploads\/2024\/08\/HR-Baureihe-150x150.jpg 150w, https:\/\/heinz.gmbh\/wp-content\/uploads\/2024\/08\/HR-Baureihe-12x12.jpg 12w\" sizes=\"auto, (max-width: 500px) 100vw, 500px\" \/><\/figure>\n\n<h2 class=\"wp-block-post-title\"><a href=\"https:\/\/heinz.gmbh\/en\/2024\/02\/14\/heinz-hr-baureihe\/\" target=\"_self\" >HEINZ HR &#8211; Baureihe<\/a><\/h2>\n\n<div class=\"wp-block-post-excerpt\"><p class=\"wp-block-post-excerpt__excerpt\">HEINZ HR Ringtisch mit Einblick in die Mechanik.Unsere Ringtische der HR Baureihe zeichnen sich durch extrem gro\u00dfe Zentrierbohrungen aus und eignen sich daher besonders f\u00fcr Montagemaschinen und \u00e4hnliche Anwendungen. Der gro\u00dfe Rollensternradius und die gro\u00dfen Trommelkurve sorgen f\u00fcr eine hohe Positioniergenauigkeit und erm\u00f6glichen kurze Schaltwinkel. Weitere Beitr\u00e4ge <\/p><\/div>\n\n\n<div class=\"wp-block-columns is-layout-flex wp-container-core-columns-is-layout-28f84493 wp-block-columns-is-layout-flex\">\n<div class=\"wp-block-column is-layout-flow wp-block-column-is-layout-flow\"><div class=\"wp-block-post-date\"><time datetime=\"2024-02-14T07:52:00+01:00\">14. February 2024<\/time><\/div><\/div>\n\n\n\n<div class=\"wp-block-column is-layout-flow wp-block-column-is-layout-flow\"><a class=\"wp-block-read-more\" href=\"https:\/\/heinz.gmbh\/en\/2024\/02\/14\/heinz-hr-baureihe\/\" target=\"_self\">Read more<span class=\"screen-reader-text\">: HEINZ HR &#8211; Baureihe<\/span><\/a><\/div>\n<\/div>\n<\/div>\n\n<\/li><li class=\"wp-block-post post-71 post type-post status-publish format-standard has-post-thumbnail hentry category-allgemein category-kurvengetriebe tag-packaging tag-verpackung\">\n\n<div class=\"wp-block-group is-layout-flow wp-block-group-is-layout-flow\" style=\"padding-top:30px;padding-right:30px;padding-bottom:30px;padding-left:30px\"><figure style=\"height:200px;\" class=\"wp-block-post-featured-image\"><img loading=\"lazy\" decoding=\"async\" width=\"500\" height=\"500\" src=\"https:\/\/heinz.gmbh\/wp-content\/uploads\/2024\/05\/PackagingOfOurIndexers.jpg\" class=\"attachment-post-thumbnail size-post-thumbnail wp-post-image\" alt=\"Zwei Getriebe auf einer Palette zum Verpacken\" style=\"height:200px;object-fit:cover;\" srcset=\"https:\/\/heinz.gmbh\/wp-content\/uploads\/2024\/05\/PackagingOfOurIndexers.jpg 500w, https:\/\/heinz.gmbh\/wp-content\/uploads\/2024\/05\/PackagingOfOurIndexers-300x300.jpg 300w, https:\/\/heinz.gmbh\/wp-content\/uploads\/2024\/05\/PackagingOfOurIndexers-150x150.jpg 150w\" sizes=\"auto, (max-width: 500px) 100vw, 500px\" \/><\/figure>\n\n<h2 class=\"wp-block-post-title\"><a href=\"https:\/\/heinz.gmbh\/en\/2023\/10\/31\/verpackung-unserer-getriebe\/\" target=\"_self\" >Packaging of our Indexers<\/a><\/h2>\n\n<div class=\"wp-block-post-excerpt\"><p class=\"wp-block-post-excerpt__excerpt\">Here's a little look behind the scenes. In this short video we show you what the packaging of our indexers looks like and how we protect our gearboxes for international shipping. <\/p><\/div>\n\n\n<div class=\"wp-block-columns is-layout-flex wp-container-core-columns-is-layout-28f84493 wp-block-columns-is-layout-flex\">\n<div class=\"wp-block-column is-layout-flow wp-block-column-is-layout-flow\"><div class=\"wp-block-post-date\"><time datetime=\"2023-10-31T08:59:00+01:00\">31. October 2023<\/time><\/div><\/div>\n\n\n\n<div class=\"wp-block-column is-layout-flow wp-block-column-is-layout-flow\"><a class=\"wp-block-read-more\" href=\"https:\/\/heinz.gmbh\/en\/2023\/10\/31\/verpackung-unserer-getriebe\/\" target=\"_self\">Read more<span class=\"screen-reader-text\">: Verpackung unserer Getriebe<\/span><\/a><\/div>\n<\/div>\n<\/div>\n\n<\/li><li class=\"wp-block-post post-61 post type-post status-publish format-standard has-post-thumbnail hentry category-allgemein category-kurvengetriebe tag-qualitaet tag-quality\">\n\n<div class=\"wp-block-group is-layout-flow wp-block-group-is-layout-flow\" style=\"padding-top:30px;padding-right:30px;padding-bottom:30px;padding-left:30px\"><figure style=\"height:200px;\" class=\"wp-block-post-featured-image\"><img loading=\"lazy\" decoding=\"async\" width=\"1500\" height=\"1500\" src=\"https:\/\/heinz.gmbh\/wp-content\/uploads\/2024\/05\/Quality-of-HEINZ.jpg\" class=\"attachment-post-thumbnail size-post-thumbnail wp-post-image\" alt=\"Messen eines Rollensterns auf einer 3D Messmaschine\" style=\"height:200px;object-fit:cover;\" srcset=\"https:\/\/heinz.gmbh\/wp-content\/uploads\/2024\/05\/Quality-of-HEINZ.jpg 1500w, https:\/\/heinz.gmbh\/wp-content\/uploads\/2024\/05\/Quality-of-HEINZ-300x300.jpg 300w, https:\/\/heinz.gmbh\/wp-content\/uploads\/2024\/05\/Quality-of-HEINZ-1024x1024.jpg 1024w, https:\/\/heinz.gmbh\/wp-content\/uploads\/2024\/05\/Quality-of-HEINZ-150x150.jpg 150w, https:\/\/heinz.gmbh\/wp-content\/uploads\/2024\/05\/Quality-of-HEINZ-768x768.jpg 768w\" sizes=\"auto, (max-width: 1500px) 100vw, 1500px\" \/><\/figure>\n\n<h2 class=\"wp-block-post-title\"><a href=\"https:\/\/heinz.gmbh\/en\/2023\/10\/31\/qualitaet-bei-heinz\/\" target=\"_self\" >Quality at HEINZ<\/a><\/h2>\n\n<div class=\"wp-block-post-excerpt\"><p class=\"wp-block-post-excerpt__excerpt\">Mit einer Fertigungstiefe von ca. 95% sind wir bei HEINZ sehr stolz auf unseren Maschinenpark und unser Know-How. Gleichzeitig sind wir auch sehr stolz auf die Qualit\u00e4t unserer Produkte! <\/p><\/div>\n\n\n<div class=\"wp-block-columns is-layout-flex wp-container-core-columns-is-layout-28f84493 wp-block-columns-is-layout-flex\">\n<div class=\"wp-block-column is-layout-flow wp-block-column-is-layout-flow\"><div class=\"wp-block-post-date\"><time datetime=\"2023-10-31T08:13:00+01:00\">31. October 2023<\/time><\/div><\/div>\n\n\n\n<div class=\"wp-block-column is-layout-flow wp-block-column-is-layout-flow\"><a class=\"wp-block-read-more\" href=\"https:\/\/heinz.gmbh\/en\/2023\/10\/31\/qualitaet-bei-heinz\/\" target=\"_self\">Read more<span class=\"screen-reader-text\">: Qualit\u00e4t bei HEINZ<\/span><\/a><\/div>\n<\/div>\n<\/div>\n\n<\/li><\/ul><\/div>","protected":false},"excerpt":{"rendered":"","protected":false},"author":1,"featured_media":0,"parent":0,"menu_order":0,"comment_status":"closed","ping_status":"closed","template":"page-wide","meta":{"footnotes":""},"class_list":["post-93","page","type-page","status-publish","hentry"],"_links":{"self":[{"href":"https:\/\/heinz.gmbh\/en\/wp-json\/wp\/v2\/pages\/93","targetHints":{"allow":["GET"]}}],"collection":[{"href":"https:\/\/heinz.gmbh\/en\/wp-json\/wp\/v2\/pages"}],"about":[{"href":"https:\/\/heinz.gmbh\/en\/wp-json\/wp\/v2\/types\/page"}],"author":[{"embeddable":true,"href":"https:\/\/heinz.gmbh\/en\/wp-json\/wp\/v2\/users\/1"}],"replies":[{"embeddable":true,"href":"https:\/\/heinz.gmbh\/en\/wp-json\/wp\/v2\/comments?post=93"}],"version-history":[{"count":9,"href":"https:\/\/heinz.gmbh\/en\/wp-json\/wp\/v2\/pages\/93\/revisions"}],"predecessor-version":[{"id":339,"href":"https:\/\/heinz.gmbh\/en\/wp-json\/wp\/v2\/pages\/93\/revisions\/339"}],"wp:attachment":[{"href":"https:\/\/heinz.gmbh\/en\/wp-json\/wp\/v2\/media?parent=93"}],"curies":[{"name":"wp","href":"https:\/\/api.w.org\/{rel}","templated":true}]}}