{"id":490,"date":"2024-07-05T15:16:57","date_gmt":"2024-07-05T13:16:57","guid":{"rendered":"http:\/\/xyz123.heinz.gmbh\/?page_id=490"},"modified":"2024-07-05T15:16:57","modified_gmt":"2024-07-05T13:16:57","slug":"anfahrt","status":"publish","type":"page","link":"https:\/\/heinz.gmbh\/en\/anfahrt\/","title":{"rendered":"Locations"},"content":{"rendered":"<h2 class=\"wp-block-heading\">How to find us<\/h2>\n\n\n\n<h3 class=\"wp-block-heading\">Headoffice in Bensheim<\/h3>\n\n\n\n<p><strong>HEINZ AUTOMATIONS-SYSTEME GmbH<\/strong><br>Lilienthalstra\u00dfe 21<br>64625 Bensheim<br>GERMANY<\/p>\n\n\n\n<p>Our sales, project planning and development, purchasing, construction and management departments are located here.<\/p>\n\n\n<iframe src=\"https:\/\/www.google.com\/maps\/embed?pb=!1m18!1m12!1m3!1d659131.9881604611!2d8.16404825529097!3d49.80986214118724!2m3!1f0!2f0!3f0!3m2!1i1024!2i768!4f13.1!3m3!1m2!1s0x4797d7cd2cfce6a9%3A0x70a1cb0fca395dbd!2sHEINZ%20AUTOMATIONS-SYSTEME%20GmbH!5e0!3m2!1sde!2sde!4v1720185385947!5m2!1sde!2sde\" width=\"1200\" height=\"450\" style=\"border:0;\" allowfullscreen=\"\" loading=\"lazy\" referrerpolicy=\"no-referrer-when-downgrade\"><\/iframe>\n\n\n<hr class=\"wp-block-separator has-text-color has-contrast-2-color has-alpha-channel-opacity has-contrast-2-background-color has-background is-style-wide\"\/>\n\n\n\n<h3 class=\"wp-block-heading\">Delivery address for repairs<\/h3>\n\n\n\n<p><strong>HEINZ GmbH<\/strong><br>Kochhorstweg 33<br>04910 Elsterwerde<br>GERMANY<\/p>\n\n\n\n<p>This is where our production is located. If you would like to send a gearbox for repair, please send it to our production department. Please always notify us in advance of gearboxes you send to us so that we can plan for them and allocate them better.<\/p>\n\n\n<iframe src=\"https:\/\/www.google.com\/maps\/embed?pb=!1m18!1m12!1m3!1d535112.3208282401!2d12.100745682510805!3d51.46221713623279!2m3!1f0!2f0!3f0!3m2!1i1024!2i768!4f13.1!3m3!1m2!1s0x47a7891a99bc38ab%3A0x16f6abf58d3b03e1!2sHeinz%20GmbH!5e0!3m2!1sde!2sde!4v1720185227271!5m2!1sde!2sde\" width=\"1200\" height=\"450\" style=\"border:0;\" allowfullscreen=\"\" loading=\"lazy\" referrerpolicy=\"no-referrer-when-downgrade\"><\/iframe>","protected":false},"excerpt":{"rendered":"<p>So finden Sie uns Headoffice in Bensheim HEINZ AUTOMATIONS-SYSTEME GmbHLilienthalstra\u00dfe 2164625 BensheimDEUTSCHLAND Hier befinden sich unsere Abteilungen f\u00fcr Vertrieb, Projektierung und Entwicklung, Einkauf, Konstruktion sowie die Gesch\u00e4ftsleitung. Lieferanschrift f\u00fcr Reparaturen HEINZ GmbHKochhorstweg 3304910 ElsterwerdeDEUTSCHLAND Hier befindet sich unsere Fertigung. Wenn Sie ein Getriebe zur Reparatur senden m\u00f6chten, schicken Sie es bitte an unsere Fertigungsabteilung. Bitte [&hellip;]<\/p>","protected":false},"author":1,"featured_media":0,"parent":0,"menu_order":0,"comment_status":"closed","ping_status":"closed","template":"page-wide","meta":{"footnotes":""},"class_list":["post-490","page","type-page","status-publish","hentry"],"_links":{"self":[{"href":"https:\/\/heinz.gmbh\/en\/wp-json\/wp\/v2\/pages\/490","targetHints":{"allow":["GET"]}}],"collection":[{"href":"https:\/\/heinz.gmbh\/en\/wp-json\/wp\/v2\/pages"}],"about":[{"href":"https:\/\/heinz.gmbh\/en\/wp-json\/wp\/v2\/types\/page"}],"author":[{"embeddable":true,"href":"https:\/\/heinz.gmbh\/en\/wp-json\/wp\/v2\/users\/1"}],"replies":[{"embeddable":true,"href":"https:\/\/heinz.gmbh\/en\/wp-json\/wp\/v2\/comments?post=490"}],"version-history":[{"count":1,"href":"https:\/\/heinz.gmbh\/en\/wp-json\/wp\/v2\/pages\/490\/revisions"}],"predecessor-version":[{"id":491,"href":"https:\/\/heinz.gmbh\/en\/wp-json\/wp\/v2\/pages\/490\/revisions\/491"}],"wp:attachment":[{"href":"https:\/\/heinz.gmbh\/en\/wp-json\/wp\/v2\/media?parent=490"}],"curies":[{"name":"wp","href":"https:\/\/api.w.org\/{rel}","templated":true}]}}