{"id":465,"date":"2024-07-05T14:02:40","date_gmt":"2024-07-05T12:02:40","guid":{"rendered":"http:\/\/xyz123.heinz.gmbh\/?page_id=465"},"modified":"2024-07-30T14:35:50","modified_gmt":"2024-07-30T12:35:50","slug":"anwendung","status":"publish","type":"page","link":"https:\/\/heinz.gmbh\/en\/anwendung\/","title":{"rendered":"Application"},"content":{"rendered":"<h2 class=\"wp-block-heading\">What is an indexer \/ cam gear?<\/h2>\n\n\n\n<p>Cam gears convert a continuous rotational movement into an intermittent output movement. This means that the constant rotation of the input shaft is transformed into a step-by-step motion. This technique is used in applications such as assembly machines to precisely index and position products through multiple assembly steps. Consequently, cam gears are often referred to as indexers.<\/p>\n\n\n\n<h3 class=\"wp-block-heading\">Application for Cam Gears \u2013 Advantages<\/h3>\n\n\n<div class=\"ytdivright\"><iframe id=\"ytplayer\" type=\"text\/html\" width=\"560\" height=\"315\"\nsrc=\"https:\/\/www.youtube.com\/embed\/x0gKXdt2c3o?autoplay=1&#038;controls=0&#038;loop=1&#038;playlist=x0gKXdt2c3o\"\nframeborder=\"0\" allowfullscreen><\/iframe><\/div>\n\n\n<ul class=\"wp-block-list is-style-checkmark-list\">\n<li>High indexing frequency, with a performance of up to 2,000 cycles per minute is possible.<\/li>\n\n\n\n<li>Smooth start and stop thanks to the positively controlled motion sequence of the cam.<\/li>\n\n\n\n<li>Form-fit positioning without the need for an additional positioning unit.<\/li>\n\n\n\n<li>Precise positioning allows for the overlapping of motion sequences without any time loss.<\/li>\n\n\n\n<li>Highest reliability over many years without interruptions.<\/li>\n\n\n\n<li>Cam gears operate in both rotational directions and can be used in reversing applications.<\/li>\n\n\n\n<li>Thanks to the backlash-free design of the cam gears, exceptionally high accuracy is achieved.<\/li>\n<\/ul>\n\n\n\n<p>Typical applications for indexers require precise and repeatable step movements, especially in areas such as packaging machines, assembly systems, press automation, and handling equipment.<\/p>\n\n\n\n<hr class=\"wp-block-separator has-text-color has-contrast-2-color has-alpha-channel-opacity has-contrast-2-background-color has-background is-style-wide\"\/>\n\n\n\n<p>Here is an example of the positively controlled combination of multiple cam gears and indexers:<br>A product is sorted and fed into an assembly process. The assembly takes place on the central rotary table, which indexes the products through the assembly process while simultaneously serving as a stable and reliable foundation. The finished assembled products can also be sorted and discharged.<\/p>\n\n\n\n<figure class=\"wp-block-image size-large\"><img loading=\"lazy\" decoding=\"async\" width=\"1024\" height=\"675\" src=\"https:\/\/heinz.gmbh\/wp-content\/uploads\/2024\/07\/Anwendung-Kurvengetriebe-Schrittgetriebe-HEINZ-1024x675.png\" alt=\"Anwendungsbeispiel f\u00fcr mehrere Kurvengetriebe, welche zwangsgesteuert zusammenarbeiten.\" class=\"wp-image-466\" srcset=\"https:\/\/heinz.gmbh\/wp-content\/uploads\/2024\/07\/Anwendung-Kurvengetriebe-Schrittgetriebe-HEINZ-1024x675.png 1024w, https:\/\/heinz.gmbh\/wp-content\/uploads\/2024\/07\/Anwendung-Kurvengetriebe-Schrittgetriebe-HEINZ-300x198.png 300w, https:\/\/heinz.gmbh\/wp-content\/uploads\/2024\/07\/Anwendung-Kurvengetriebe-Schrittgetriebe-HEINZ-768x506.png 768w, https:\/\/heinz.gmbh\/wp-content\/uploads\/2024\/07\/Anwendung-Kurvengetriebe-Schrittgetriebe-HEINZ-1536x1012.png 1536w, https:\/\/heinz.gmbh\/wp-content\/uploads\/2024\/07\/Anwendung-Kurvengetriebe-Schrittgetriebe-HEINZ-2048x1350.png 2048w\" sizes=\"auto, (max-width: 1024px) 100vw, 1024px\" \/><\/figure>","protected":false},"excerpt":{"rendered":"<p>Was ist ein Schrittgetriebe? Schrittgetriebe wandeln eine gleichf\u00f6rmige Drehbewegung in eine intermittierende Abtriebsbewegung um. Das bedeutet, die konstante Rotation der Eingangswelle wird in eine taktende Schrittbewegung umgewandelt. Diese Technik wird beispielsweise in Montageautomaten eingesetzt, um Produkte pr\u00e4zise durch mehrere Montageschritte zu takten und zu positionieren. Daher werden Kurvengetriebe h\u00e4ufig auch als Schrittgetriebe bezeichnet. Anwendung f\u00fcr [&hellip;]<\/p>","protected":false},"author":1,"featured_media":0,"parent":0,"menu_order":0,"comment_status":"closed","ping_status":"closed","template":"page-wide","meta":{"footnotes":""},"class_list":["post-465","page","type-page","status-publish","hentry"],"_links":{"self":[{"href":"https:\/\/heinz.gmbh\/en\/wp-json\/wp\/v2\/pages\/465","targetHints":{"allow":["GET"]}}],"collection":[{"href":"https:\/\/heinz.gmbh\/en\/wp-json\/wp\/v2\/pages"}],"about":[{"href":"https:\/\/heinz.gmbh\/en\/wp-json\/wp\/v2\/types\/page"}],"author":[{"embeddable":true,"href":"https:\/\/heinz.gmbh\/en\/wp-json\/wp\/v2\/users\/1"}],"replies":[{"embeddable":true,"href":"https:\/\/heinz.gmbh\/en\/wp-json\/wp\/v2\/comments?post=465"}],"version-history":[{"count":13,"href":"https:\/\/heinz.gmbh\/en\/wp-json\/wp\/v2\/pages\/465\/revisions"}],"predecessor-version":[{"id":907,"href":"https:\/\/heinz.gmbh\/en\/wp-json\/wp\/v2\/pages\/465\/revisions\/907"}],"wp:attachment":[{"href":"https:\/\/heinz.gmbh\/en\/wp-json\/wp\/v2\/media?parent=465"}],"curies":[{"name":"wp","href":"https:\/\/api.w.org\/{rel}","templated":true}]}}