{"id":452,"date":"2024-07-05T11:33:16","date_gmt":"2024-07-05T09:33:16","guid":{"rendered":"http:\/\/xyz123.heinz.gmbh\/?page_id=452"},"modified":"2025-10-31T08:44:13","modified_gmt":"2025-10-31T07:44:13","slug":"qualitaet","status":"publish","type":"page","link":"https:\/\/heinz.gmbh\/en\/qualitaet\/","title":{"rendered":"Quality"},"content":{"rendered":"<h2 class=\"wp-block-heading\">Our quality policy<\/h2>\n\n\n\n<hr class=\"wp-block-separator has-text-color has-contrast-2-color has-alpha-channel-opacity has-contrast-2-background-color has-background is-style-wide\"\/>\n\n\n\n<figure class=\"wp-block-image alignleft size-full is-resized\"><a href=\"#zertifikat\"><img loading=\"lazy\" decoding=\"async\" width=\"439\" height=\"624\" src=\"https:\/\/heinz.gmbh\/wp-content\/uploads\/2024\/07\/ISO9001-cover.png\" alt=\"Bild unseres ISO9001 Zertifikats\" class=\"wp-image-446\" style=\"width:300px\" srcset=\"https:\/\/heinz.gmbh\/wp-content\/uploads\/2024\/07\/ISO9001-cover.png 439w, https:\/\/heinz.gmbh\/wp-content\/uploads\/2024\/07\/ISO9001-cover-211x300.png 211w\" sizes=\"auto, (max-width: 439px) 100vw, 439px\" \/><\/a><\/figure>\n\n\n\n<h3 class=\"wp-block-heading\">Customer focus as a benchmark<\/h3>\n\n\n\n<p>Our customers are at the heart of everything we do. We proactively adapt to our customers' evolving needs and requirements to continually exceed their expectations.<\/p>\n\n\n\n<h3 class=\"wp-block-heading\">Competitive advantage through excellence<\/h3>\n\n\n\n<p>We secure our competitive advantages in the target markets with high levels of effectiveness, reliability, delivery reliability and outstanding product quality. We guarantee consistently high productivity through continuous optimization of our processes.<\/p>\n\n\n\n<h3 class=\"wp-block-heading\">Continuous improvement<\/h3>\n\n\n\n<p>Our quality management is designed for continuous improvement. We actively use the suggestions of our employees and the feedback of our customers to continuously improve our processes and products. The management and all those responsible for the process are committed to a continuous improvement process in which all employees are involved.<\/p>\n\n\n\n<h3 class=\"wp-block-heading\">Commitment and responsibility<\/h3>\n\n\n\n<p>We promote quality awareness and the responsibility of each individual. Quality is not only the result of organizational and technical measures, but also of the conscious and committed work of our employees.<\/p>\n\n\n\n<h3 class=\"wp-block-heading\">Creativity and innovation<\/h3>\n\n\n\n<p>We use the full potential of our employees to develop creative solutions and innovations. The quality of our products also depends on the quality of our suppliers. That is why we demand the highest standards and support our suppliers in achieving their quality goals.<\/p>\n\n\n\n<h3 class=\"wp-block-heading\">Mistakes as learning opportunities<\/h3>\n\n\n\n<p>We see mistakes as opportunities for improvement. Our goal is to ensure that the same mistake is not repeated. We work preventively to avoid mistakes and continuously improve quality.<\/p>\n\n\n\n<h3 class=\"wp-block-heading\">Zero-defect strategy<\/h3>\n\n\n\n<p>Our top quality goal is \u201czero defects\u201d or \u201c100% correct\u201d. This goal drives us to improve every day and fully meet our customers\u2019 expectations.<\/p>\n\n\n\n<h3 class=\"wp-block-heading\">Customer satisfaction and customer loyalty<\/h3>\n\n\n\n<p>We fight for the satisfaction of our customers and strive for a high proportion of repeat customers. We take customer requests into account and implement them as long as they can be implemented with reasonable effort.<\/p>\n\n\n\n<h3 class=\"wp-block-heading\" id=\"zertifikat\">Annual review<\/h3>\n\n\n\n<p>Our quality policy and associated objectives are reviewed and updated annually to ensure that we always meet the highest standards and continuously improve.<\/p>\n\n\n\n<p>This quality policy is binding for all employees of HEINZ AUTOMATIONS-SYSTEME GmbH and forms the basis for our daily actions.<\/p>\n\n\n\n<div class=\"wp-block-columns is-layout-flex wp-container-core-columns-is-layout-28f84493 wp-block-columns-is-layout-flex\">\n<div class=\"wp-block-column is-layout-flow wp-block-column-is-layout-flow\">\n<p>ISO 9001:2015 German<\/p>\n\n\n\n<div data-wp-interactive=\"core\/file\" class=\"wp-block-file\"><object data-wp-bind--hidden=\"!state.hasPdfPreview\" hidden class=\"wp-block-file__embed\" data=\"https:\/\/heinz.gmbh\/wp-content\/uploads\/2025\/10\/Zertifikat-ISO-9001_2015-HEINZ-AUTOMATIONS-SYSTEME-2025.pdf\" type=\"application\/pdf\" style=\"width:100%;height:600px\" aria-label=\"Embed of ISO 9001:2015 Deutsch.\"><\/object><a id=\"wp-block-file--media-97dc3d01-5ac8-4506-93f2-bc2e3f358889\" href=\"https:\/\/heinz.gmbh\/wp-content\/uploads\/2025\/10\/Zertifikat-ISO-9001_2015-HEINZ-AUTOMATIONS-SYSTEME-2025.pdf\">ISO 9001:2015 German<\/a><a href=\"https:\/\/heinz.gmbh\/wp-content\/uploads\/2025\/10\/Zertifikat-ISO-9001_2015-HEINZ-AUTOMATIONS-SYSTEME-2025.pdf\" class=\"wp-block-file__button wp-element-button\" download aria-describedby=\"wp-block-file--media-97dc3d01-5ac8-4506-93f2-bc2e3f358889\">Download<\/a><\/div>\n<\/div>\n\n\n\n<div class=\"wp-block-column is-layout-flow wp-block-column-is-layout-flow\">\n<p>ISO 9001:2015 English<\/p>\n\n\n\n<div data-wp-interactive=\"core\/file\" class=\"wp-block-file\"><object data-wp-bind--hidden=\"!state.hasPdfPreview\" hidden class=\"wp-block-file__embed\" data=\"https:\/\/heinz.gmbh\/wp-content\/uploads\/2025\/10\/Zertifikat-ISO-9001_2015-HEINZ-AUTOMATIONS-SYSTEME-2025-engl.pdf\" type=\"application\/pdf\" style=\"width:100%;height:600px\" aria-label=\"Embed of ISO 9001:2015 Englisch.\"><\/object><a id=\"wp-block-file--media-577554e0-b375-42db-9091-967dfb505f91\" href=\"https:\/\/heinz.gmbh\/wp-content\/uploads\/2025\/10\/Zertifikat-ISO-9001_2015-HEINZ-AUTOMATIONS-SYSTEME-2025-engl.pdf\">ISO 9001:2015 English<\/a><a href=\"https:\/\/heinz.gmbh\/wp-content\/uploads\/2025\/10\/Zertifikat-ISO-9001_2015-HEINZ-AUTOMATIONS-SYSTEME-2025-engl.pdf\" class=\"wp-block-file__button wp-element-button\" download aria-describedby=\"wp-block-file--media-577554e0-b375-42db-9091-967dfb505f91\">Download<\/a><\/div>\n<\/div>\n\n\n\n<div class=\"wp-block-column is-layout-flow wp-block-column-is-layout-flow\">\n<p>ISO 9001:2015 France<\/p>\n\n\n\n<div data-wp-interactive=\"core\/file\" class=\"wp-block-file\"><object data-wp-bind--hidden=\"!state.hasPdfPreview\" hidden class=\"wp-block-file__embed\" data=\"https:\/\/heinz.gmbh\/wp-content\/uploads\/2025\/10\/Zertifikat-ISO-9001_2015-HEINZ-AUTOMATIONS-SYSTEME-2025-franz.pdf\" type=\"application\/pdf\" style=\"width:100%;height:600px\" aria-label=\"Embed of ISO 9001:2015 Franz\u00f6sisch.\"><\/object><a id=\"wp-block-file--media-28c7465e-d40c-46fa-a19e-f72876a9189c\" href=\"https:\/\/heinz.gmbh\/wp-content\/uploads\/2025\/10\/Zertifikat-ISO-9001_2015-HEINZ-AUTOMATIONS-SYSTEME-2025-franz.pdf\">ISO 9001:2015 France<\/a><a href=\"https:\/\/heinz.gmbh\/wp-content\/uploads\/2025\/10\/Zertifikat-ISO-9001_2015-HEINZ-AUTOMATIONS-SYSTEME-2025-franz.pdf\" class=\"wp-block-file__button wp-element-button\" download aria-describedby=\"wp-block-file--media-28c7465e-d40c-46fa-a19e-f72876a9189c\">Download<\/a><\/div>\n<\/div>\n<\/div>","protected":false},"excerpt":{"rendered":"<p>Unsere Qualit\u00e4tspolitik Kundenzentrierung als Ma\u00dfstab Unsere Kunden stehen im Mittelpunkt unseres Handelns. Wir passen uns proaktiv den sich wandelnden Bed\u00fcrfnissen und Anforderungen unserer Kunden an, um deren Erwartungen stets zu \u00fcbertreffen. Wettbewerbsvorteil durch Exzellenz Mit hoher Effektivit\u00e4t, Zuverl\u00e4ssigkeit, Liefertreue und herausragender Produktqualit\u00e4t sichern wir unsere Wettbewerbsvorteile in den Zielm\u00e4rkten. Wir garantieren eine konstant hohe Produktivit\u00e4t [&hellip;]<\/p>","protected":false},"author":1,"featured_media":0,"parent":0,"menu_order":0,"comment_status":"closed","ping_status":"closed","template":"page-wide","meta":{"footnotes":""},"class_list":["post-452","page","type-page","status-publish","hentry"],"_links":{"self":[{"href":"https:\/\/heinz.gmbh\/en\/wp-json\/wp\/v2\/pages\/452","targetHints":{"allow":["GET"]}}],"collection":[{"href":"https:\/\/heinz.gmbh\/en\/wp-json\/wp\/v2\/pages"}],"about":[{"href":"https:\/\/heinz.gmbh\/en\/wp-json\/wp\/v2\/types\/page"}],"author":[{"embeddable":true,"href":"https:\/\/heinz.gmbh\/en\/wp-json\/wp\/v2\/users\/1"}],"replies":[{"embeddable":true,"href":"https:\/\/heinz.gmbh\/en\/wp-json\/wp\/v2\/comments?post=452"}],"version-history":[{"count":5,"href":"https:\/\/heinz.gmbh\/en\/wp-json\/wp\/v2\/pages\/452\/revisions"}],"predecessor-version":[{"id":1188,"href":"https:\/\/heinz.gmbh\/en\/wp-json\/wp\/v2\/pages\/452\/revisions\/1188"}],"wp:attachment":[{"href":"https:\/\/heinz.gmbh\/en\/wp-json\/wp\/v2\/media?parent=452"}],"curies":[{"name":"wp","href":"https:\/\/api.w.org\/{rel}","templated":true}]}}