{"id":444,"date":"2024-07-05T09:37:33","date_gmt":"2024-07-05T07:37:33","guid":{"rendered":"http:\/\/xyz123.heinz.gmbh\/?page_id=444"},"modified":"2025-08-27T12:01:15","modified_gmt":"2025-08-27T10:01:15","slug":"ueber-uns","status":"publish","type":"page","link":"https:\/\/heinz.gmbh\/en\/ueber-uns\/","title":{"rendered":"About us"},"content":{"rendered":"<h2 class=\"wp-block-heading\">About us<\/h2>\n\n\n\n<p>Welcome to HEINZ AUTOMATIONS-SYSTEME GmbH, your specialist for industrial automation. Since our founding in 1989 in Bensheim, we have been known as a reliable supplier in the machinery sector and take pride in delivering high-end quality.<\/p>\n\n\n\n<figure class=\"wp-block-image alignright size-large is-resized is-style-default\"><img loading=\"lazy\" decoding=\"async\" width=\"2560\" height=\"1439\" src=\"https:\/\/heinz.gmbh\/wp-content\/uploads\/2024\/07\/DSC_0470-edited-scaled.jpg\" alt=\"\" class=\"wp-image-448\" style=\"box-shadow:var(--wp--preset--shadow--natural);width:420px\" srcset=\"https:\/\/heinz.gmbh\/wp-content\/uploads\/2024\/07\/DSC_0470-edited-scaled.jpg 2560w, https:\/\/heinz.gmbh\/wp-content\/uploads\/2024\/07\/DSC_0470-edited-300x169.jpg 300w, https:\/\/heinz.gmbh\/wp-content\/uploads\/2024\/07\/DSC_0470-edited-1024x576.jpg 1024w, https:\/\/heinz.gmbh\/wp-content\/uploads\/2024\/07\/DSC_0470-edited-768x432.jpg 768w, https:\/\/heinz.gmbh\/wp-content\/uploads\/2024\/07\/DSC_0470-edited-1536x863.jpg 1536w, https:\/\/heinz.gmbh\/wp-content\/uploads\/2024\/07\/DSC_0470-edited-2048x1151.jpg 2048w\" sizes=\"auto, (max-width: 2560px) 100vw, 2560px\" \/><\/figure>\n\n\n\n<h3 class=\"wp-block-heading\">Our Expertise<\/h3>\n\n\n\n<p>We specialize in the development and manufacture of state-of-the-art cam gears used across various industries. Our cam gears are employed in applications such as packaging machines, assembly machines, filling machines, sorting machines, conveyor units, and pivot units. Thanks to our diverse product range, we can offer customized solutions tailored precisely to the individual needs of our customers.<\/p>\n\n\n\n<h3 class=\"wp-block-heading\">Our Locations<\/h3>\n\n\n\n<p>Mit unserem Hauptsitz in Bensheim und einem Fertigungsstandort in Elsterwerda sind wir in der Lage, sowohl in der Planung als auch in der Produktion schnell und flexibel zu agieren. Unser Headoffice beherbergt ein Team von rund 20 engagierten und erfahrenen Mitarbeitern, w\u00e4hrend unser Fertigungsstandort etwa 100 geschulte Fachkr\u00e4fte besch\u00e4ftigt.<\/p>\n\n\n\n<div style=\"height:10px\" aria-hidden=\"true\" class=\"wp-block-spacer\"><\/div>\n\n\n\n<div class=\"wp-block-group is-horizontal is-content-justification-left is-nowrap is-layout-flex wp-container-core-group-is-layout-c08fa5ec wp-block-group-is-layout-flex\" style=\"margin-top:0;margin-bottom:0;padding-top:0;padding-bottom:0\">\n<div class=\"wp-block-cover alignwide has-custom-content-position is-position-top-left wp-container-content-f22b2ade\" style=\"padding-top:0;padding-right:var(--wp--preset--spacing--10);padding-bottom:0;padding-left:var(--wp--preset--spacing--10);min-height:250px;aspect-ratio:unset;\"><img loading=\"lazy\" decoding=\"async\" width=\"588\" height=\"500\" class=\"wp-block-cover__image-background wp-image-341\" alt=\"Headoffice-Bensheim-HEINZ\" src=\"https:\/\/heinz.gmbh\/wp-content\/uploads\/2024\/06\/indexer-Kurvengetriebe-Rundschalttisch-Schrittgetriebe-HEINZ-Headoffice.jpg\" style=\"object-position:50% 84%\" data-object-fit=\"cover\" data-object-position=\"50% 84%\" srcset=\"https:\/\/heinz.gmbh\/wp-content\/uploads\/2024\/06\/indexer-Kurvengetriebe-Rundschalttisch-Schrittgetriebe-HEINZ-Headoffice.jpg 588w, https:\/\/heinz.gmbh\/wp-content\/uploads\/2024\/06\/indexer-Kurvengetriebe-Rundschalttisch-Schrittgetriebe-HEINZ-Headoffice-300x255.jpg 300w\" sizes=\"auto, (max-width: 588px) 100vw, 588px\" \/><span aria-hidden=\"true\" class=\"wp-block-cover__background has-background-dim-30 has-background-dim\"><\/span><div class=\"wp-block-cover__inner-container is-layout-flow wp-container-core-cover-is-layout-888a9186 wp-block-cover-is-layout-flow\">\n<p class=\"has-text-align-center has-large-font-size\">Headoffice<br>Bensheim<\/p>\n<\/div><\/div>\n\n\n\n<div class=\"wp-block-cover alignwide has-custom-content-position is-position-bottom-right wp-container-content-f22b2ade\" style=\"border-style:none;border-width:0px;border-radius:0px;padding-right:var(--wp--preset--spacing--10);padding-left:var(--wp--preset--spacing--10);min-height:250px;aspect-ratio:unset;\"><img loading=\"lazy\" decoding=\"async\" width=\"746\" height=\"500\" class=\"wp-block-cover__image-background wp-image-342\" alt=\"Fertigung-Elsterwerda-HEINZ\" src=\"https:\/\/heinz.gmbh\/wp-content\/uploads\/2024\/06\/index-table-rundschalttisch-cam-gear-Schrittgetriebe-HEINZ-Produktion.jpg\" style=\"object-position:51% 35%\" data-object-fit=\"cover\" data-object-position=\"51% 35%\" srcset=\"https:\/\/heinz.gmbh\/wp-content\/uploads\/2024\/06\/index-table-rundschalttisch-cam-gear-Schrittgetriebe-HEINZ-Produktion.jpg 746w, https:\/\/heinz.gmbh\/wp-content\/uploads\/2024\/06\/index-table-rundschalttisch-cam-gear-Schrittgetriebe-HEINZ-Produktion-300x201.jpg 300w\" sizes=\"auto, (max-width: 746px) 100vw, 746px\" \/><span aria-hidden=\"true\" class=\"wp-block-cover__background has-background-dim-30 has-background-dim\"><\/span><div class=\"wp-block-cover__inner-container is-layout-flow wp-container-core-cover-is-layout-e22fa799 wp-block-cover-is-layout-flow\">\n<p class=\"has-text-align-center has-large-font-size\">Manufacturing<br>Elsterwerda<\/p>\n<\/div><\/div>\n<\/div>\n\n\n\n<h3 class=\"wp-block-heading\">Our Values<\/h3>\n\n\n\n<figure class=\"wp-block-image alignright size-medium is-resized has-custom-border is-style-default\"><a href=\"https:\/\/heinz.gmbh\/en\/qualitaet\/\"><img loading=\"lazy\" decoding=\"async\" width=\"211\" height=\"300\" src=\"https:\/\/heinz.gmbh\/wp-content\/uploads\/2024\/07\/ISO9001-cover-211x300.png\" alt=\"\" class=\"wp-image-446\" style=\"border-style:none;border-width:0px;border-radius:0px;box-shadow:var(--wp--preset--shadow--natural);width:200px\" srcset=\"https:\/\/heinz.gmbh\/wp-content\/uploads\/2024\/07\/ISO9001-cover-211x300.png 211w, https:\/\/heinz.gmbh\/wp-content\/uploads\/2024\/07\/ISO9001-cover.png 439w\" sizes=\"auto, (max-width: 211px) 100vw, 211px\" \/><\/a><\/figure>\n\n\n\n<p>At HEINZ AUTOMATIONS-SYSTEME GmbH, quality and reliability are at the core of our values. Our products are renowned for their exceptional durability and provide our customers with long-term, low-maintenance solutions. We take pride in being ISO 9001 certified, which underscores our commitment to the highest quality standards. We see ourselves not just as a supplier, but as a strong partner alongside our customers. Our primary goal is to find the optimal solution for each individual requirement.<\/p>\n\n\n\n<h3 class=\"wp-block-heading\">Our Promise<\/h3>\n\n\n\n<p>What sets us apart is our unwavering commitment to top quality and customer satisfaction. Every project is executed with the highest precision and care to ensure that our customers consistently achieve the best results. We take pride in significantly contributing to the efficiency and productivity of our customers through our automation solutions.<\/p>\n\n\n\n<hr class=\"wp-block-separator has-text-color has-contrast-2-color has-alpha-channel-opacity has-contrast-2-background-color has-background is-style-default\"\/>\n\n\n\n<div style=\"height:15px\" aria-hidden=\"true\" class=\"wp-block-spacer\"><\/div>\n\n\n\n<p>Thank you for taking the time to learn more about HEINZ AUTOMATIONS-SYSTEME GmbH. We look forward to being the strong partner you need for your automation projects.<\/p>","protected":false},"excerpt":{"rendered":"<p>\u00dcber Uns Willkommen bei HEINZ AUTOMATIONS-SYSTEME GmbH, Ihrem Spezialisten f\u00fcr industrielle Automatisierung. Seit unserer Gr\u00fcndung im Jahr 1989 in Bensheim sind wir als zuverl\u00e4ssiger Zulieferer im Maschinenbau bekannt und stolz darauf, High-End-Qualit\u00e4t zu liefern. Unsere Expertise Wir sind spezialisiert auf die Entwicklung und Herstellung hochmoderner Kurvenschrittgetriebe, die in verschiedenen Branchen Anwendung finden. Unsere Getriebe werden [&hellip;]<\/p>","protected":false},"author":1,"featured_media":0,"parent":0,"menu_order":0,"comment_status":"closed","ping_status":"closed","template":"page-wide","meta":{"footnotes":""},"class_list":["post-444","page","type-page","status-publish","hentry"],"_links":{"self":[{"href":"https:\/\/heinz.gmbh\/en\/wp-json\/wp\/v2\/pages\/444","targetHints":{"allow":["GET"]}}],"collection":[{"href":"https:\/\/heinz.gmbh\/en\/wp-json\/wp\/v2\/pages"}],"about":[{"href":"https:\/\/heinz.gmbh\/en\/wp-json\/wp\/v2\/types\/page"}],"author":[{"embeddable":true,"href":"https:\/\/heinz.gmbh\/en\/wp-json\/wp\/v2\/users\/1"}],"replies":[{"embeddable":true,"href":"https:\/\/heinz.gmbh\/en\/wp-json\/wp\/v2\/comments?post=444"}],"version-history":[{"count":10,"href":"https:\/\/heinz.gmbh\/en\/wp-json\/wp\/v2\/pages\/444\/revisions"}],"predecessor-version":[{"id":1162,"href":"https:\/\/heinz.gmbh\/en\/wp-json\/wp\/v2\/pages\/444\/revisions\/1162"}],"wp:attachment":[{"href":"https:\/\/heinz.gmbh\/en\/wp-json\/wp\/v2\/media?parent=444"}],"curies":[{"name":"wp","href":"https:\/\/api.w.org\/{rel}","templated":true}]}}