{"id":300,"date":"2024-07-05T08:07:33","date_gmt":"2024-07-05T06:07:33","guid":{"rendered":"http:\/\/xyz123.heinz.gmbh\/?page_id=300"},"modified":"2025-08-27T07:26:00","modified_gmt":"2025-08-27T05:26:00","slug":"vertretungen","status":"publish","type":"page","link":"https:\/\/heinz.gmbh\/en\/vertretungen\/","title":{"rendered":"Representatives"},"content":{"rendered":"<p><\/p>\n\n\n\n<div class=\"tab\">\n  <button class=\"tablinks\" onclick=\"openCity(event, 'DE')\" id=\"defaultOpen\">Germany<\/button>\n  <button class=\"tablinks\" onclick=\"openCity(event, 'BNL')\">Benelux<\/button>\n  <button class=\"tablinks\" onclick=\"openCity(event, 'CN')\">China<\/button>\n  <button class=\"tablinks\" onclick=\"openCity(event, 'FR')\">France<\/button>\n  <button class=\"tablinks\" onclick=\"openCity(event, 'UK')\">Great Britain<\/button>\n  <button class=\"tablinks\" onclick=\"openCity(event, 'CH')\">Switzerland<\/button>\n  <button class=\"tablinks\" onclick=\"openCity(event, 'SK')\">Skandinavien<\/button>\n  <button class=\"tablinks\" onclick=\"openCity(event, 'SP')\">Spain<\/button>\n  <button class=\"tablinks\" onclick=\"openCity(event, 'US')\">USA<\/button>\n  <button class=\"tablinks\" onclick=\"openCity(event, 'Other')\">Other countries<\/button>\n<\/div>\n\n\n\n<p><\/p>\n\n\n\n<!-- Tab content -->\n<div id=\"DE\" class=\"tabcontent\">\n\n\n\n<div class=\"wp-block-group has-global-padding is-content-justification-left is-layout-constrained wp-container-core-group-is-layout-bb64e47b wp-block-group-is-layout-constrained\" style=\"margin-top:0;margin-bottom:0;padding-top:0;padding-right:0;padding-bottom:0;padding-left:0\">\n<h2 class=\"wp-block-heading\">HEINZ AUTOMATIONS-SYSTEME GmbH<\/h2>\n\n\n\n<hr class=\"wp-block-separator has-text-color has-contrast-2-color has-alpha-channel-opacity has-contrast-2-background-color has-background is-style-wide\"\/>\n\n\n\n<h4 class=\"wp-block-heading\">Au\u00dfendienst<\/h4>\n\n\n\n<div style=\"height:15px\" aria-hidden=\"true\" class=\"wp-block-spacer\"><\/div>\n\n\n\n<div class=\"wp-block-columns is-layout-flex wp-container-core-columns-is-layout-28f84493 wp-block-columns-is-layout-flex\">\n<div class=\"wp-block-column is-layout-flow wp-block-column-is-layout-flow\" style=\"flex-basis:25%\">\n<h5 class=\"wp-block-heading\">West Deutschland:<\/h5>\n<\/div>\n\n\n\n<div class=\"wp-block-column is-layout-flow wp-block-column-is-layout-flow\" style=\"flex-basis:66.66%\">\n<p>Michael Lang<br><a href=\"mailto:mail@heinz.gmbh\">mail@heinz.gmbh<\/a><br>+49 6251 \/ 10 69 0<\/p>\n<\/div>\n<\/div>\n\n\n\n<hr class=\"wp-block-separator has-text-color has-contrast-2-color has-alpha-channel-opacity has-contrast-2-background-color has-background is-style-wide\"\/>\n\n\n\n<h4 class=\"wp-block-heading\">Innendienst<\/h4>\n\n\n\n<div class=\"wp-block-columns is-layout-flex wp-container-core-columns-is-layout-28f84493 wp-block-columns-is-layout-flex\">\n<div class=\"wp-block-column is-layout-flow wp-block-column-is-layout-flow\" style=\"flex-basis:25%\">\n<h5 class=\"wp-block-heading\">Techn. Beratung:<\/h5>\n<\/div>\n\n\n\n<div class=\"wp-block-column is-layout-flow wp-block-column-is-layout-flow\" style=\"flex-basis:18%\">\n<p>Dominic Heinz<br><a href=\"mailto:mail@heinz.gmbh\">mail@heinz.gmbh<\/a><br>+49 6251 \/ 10 69 0<\/p>\n<\/div>\n\n\n\n<div class=\"wp-block-column is-layout-flow wp-block-column-is-layout-flow\" style=\"flex-basis:37.5%\">\n<p>Maxim Bolhovitin<br><a href=\"mailto:mail@heinz.gmbh\">mail@heinz.gmbh<\/a><br>+49 6251 \/ 10 69 0<\/p>\n<\/div>\n<\/div>\n<\/div>\n\n\n\n<\/div>\n\n<div id=\"BNL\" class=\"tabcontent\">\n\n\n\n<div class=\"wp-block-group has-global-padding is-content-justification-left is-layout-constrained wp-container-core-group-is-layout-bb64e47b wp-block-group-is-layout-constrained\" style=\"margin-top:0;margin-bottom:0;padding-top:0;padding-right:0;padding-bottom:0;padding-left:0\">\n<h2 class=\"wp-block-heading\">VDP AUTOMATION bv<\/h2>\n\n\n\n<hr class=\"wp-block-separator has-text-color has-contrast-2-color has-alpha-channel-opacity has-contrast-2-background-color has-background is-style-wide\"\/>\n\n\n\n<p>Industrieterrein De Prijkels<br>Venecoweg 25<br>B-9810 Nazareth<\/p>\n\n\n\n<p>Tel.: +32 (0) 9 \/ 222 08 42<br>Mail: <a href=\"mailto:info@vdpautomation.com\">info@vdpautomation.com<\/a><br>Web: <a href=\"https:\/\/vdpautomation.com\/\" target=\"_blank\" rel=\"noreferrer noopener\">www.vdpautomation.com<\/a><\/p>\n<\/div>\n\n\n\n<\/div>\n\n<div id=\"FR\" class=\"tabcontent\">\n\n\n\n<div class=\"wp-block-group has-global-padding is-content-justification-left is-layout-constrained wp-container-core-group-is-layout-bb64e47b wp-block-group-is-layout-constrained\" style=\"margin-top:0;margin-bottom:0;padding-top:0;padding-right:0;padding-bottom:0;padding-left:0\">\n<h2 class=\"wp-block-heading\">VDP AUTOMATION s.\u00e0.r.l.<\/h2>\n\n\n\n<hr class=\"wp-block-separator has-text-color has-contrast-2-color has-alpha-channel-opacity has-contrast-2-background-color has-background is-style-wide\"\/>\n\n\n\n<p>66 rue Jean-Baptiste Lebas<br>F-59910 Bondues<\/p>\n\n\n\n<p>Tel.: +33 (0) 3 59 \/ 56 21 41<br>Mail: <a href=\"mailto:info@vdpautomation.com\">info@vdpautomation.com<\/a><br>Web: <a href=\"https:\/\/vdpautomation.com\/\" target=\"_blank\" rel=\"noreferrer noopener\">www.vdpautomation.com<\/a><\/p>\n<\/div>\n\n\n\n<\/div>\n\n<div id=\"UK\" class=\"tabcontent\">\n\n\n\n<div class=\"wp-block-group has-global-padding is-content-justification-left is-layout-constrained wp-container-core-group-is-layout-bb64e47b wp-block-group-is-layout-constrained\" style=\"margin-top:0;margin-bottom:0;padding-top:0;padding-right:0;padding-bottom:0;padding-left:0\">\n<h2 class=\"wp-block-heading\">LANCEREAL Ltd.<\/h2>\n\n\n\n<hr class=\"wp-block-separator has-text-color has-contrast-2-color has-alpha-channel-opacity has-contrast-2-background-color has-background is-style-wide\"\/>\n\n\n\n<p><em>Matt Hanson \/ Callum Tart<\/em><br>Springfield Mills<br>Penistone Road, Kirkburton<br>Huddersfield HD8 0PE<\/p>\n\n\n\n<p>Tel.: +44 (0) 14 84 \/ 60 60 40<br>Mail: <a href=\"mailto:sales@lancereal.com\">sales@lancereal.com<\/a><br>Web: <a href=\"https:\/\/www.lancereal.com\/\" target=\"_blank\" rel=\"noreferrer noopener\">www.lancereal.com<\/a><\/p>\n<\/div>\n\n\n\n<\/div>\n\n<div id=\"CH\" class=\"tabcontent\">\n\n\n\n<div class=\"wp-block-group has-global-padding is-content-justification-left is-layout-constrained wp-container-core-group-is-layout-bb64e47b wp-block-group-is-layout-constrained\" style=\"margin-top:0;margin-bottom:0;padding-top:0;padding-right:0;padding-bottom:0;padding-left:0\">\n<h2 class=\"wp-block-heading\">EMA GmbH<\/h2>\n\n\n\n<hr class=\"wp-block-separator has-text-color has-contrast-2-color has-alpha-channel-opacity has-contrast-2-background-color has-background is-style-wide\"\/>\n\n\n\n<p><em>Stefan Bender<\/em><br>Aebletenweg 30<br>CH-8706 Meilen<\/p>\n\n\n\n<p>Tel.: +41 (0) 44 \/ 680 46 00<br>Mail: <a href=\"mailto:emagmbh@bluewin.ch\">emagmbh@bluewin.ch<\/a><br>Web: <a href=\"http:\/\/www.emagmbh.ch\/\" target=\"_blank\" rel=\"noreferrer noopener\">www.emagmbh.ch<\/a><\/p>\n<\/div>\n\n\n\n<\/div>\n\n<div id=\"SK\" class=\"tabcontent\">\n\n\n\n<div class=\"wp-block-group has-global-padding is-content-justification-left is-layout-constrained wp-container-core-group-is-layout-bb64e47b wp-block-group-is-layout-constrained\" style=\"margin-top:0;margin-bottom:0;padding-top:0;padding-right:0;padding-bottom:0;padding-left:0\">\n<h2 class=\"wp-block-heading\">Jens S. Transmissioner AB<\/h2>\n\n\n\n<hr class=\"wp-block-separator has-text-color has-contrast-2-color has-alpha-channel-opacity has-contrast-2-background-color has-background is-style-wide\"\/>\n\n\n\n<p><em>Stefan J\u00f6nsson<\/em><br>BOX 903<br>60119 Norrk\u00f6ping<\/p>\n\n\n\n<p>Tel.: +46 (0) 11 \/ 19 80 58<br>Mail: <a href=\"mailto:stefan.jonsson@jens-s.se\">stefan.jonsson@jens-s.se<\/a><br>Web: <a href=\"https:\/\/www.jens-s.se\/start\/\" target=\"_blank\" rel=\"noreferrer noopener\">www.jens-s.se<\/a><\/p>\n<\/div>\n\n\n\n<\/div>\n\n<div id=\"SP\" class=\"tabcontent\">\n\n\n\n<div class=\"wp-block-group has-global-padding is-content-justification-left is-layout-constrained wp-container-core-group-is-layout-bb64e47b wp-block-group-is-layout-constrained\" style=\"margin-top:0;margin-bottom:0;padding-top:0;padding-right:0;padding-bottom:0;padding-left:0\">\n<h2 class=\"wp-block-heading\">Axis Automation S.L.<\/h2>\n\n\n\n<hr class=\"wp-block-separator has-text-color has-contrast-2-color has-alpha-channel-opacity has-contrast-2-background-color has-background is-style-wide\"\/>\n\n\n\n<p><em>Pascual Bertomeu Sala<\/em><br>Avda. de la Plata 23-1<br>E-46013 Valencia<\/p>\n\n\n\n<p>Tel.: +34 9 63 \/ 95 04 42<br>Mail: <a href=\"mailto:axis@axis-automation.com\">axis@axis-automation.com<\/a><br>Web: <a href=\"https:\/\/www.axis-automation.com\/\" target=\"_blank\" rel=\"noreferrer noopener\">www.axis-automation.com<\/a><\/p>\n<\/div>\n\n\n\n<\/div>\n\n<div id=\"US\" class=\"tabcontent\">\n\n\n\n<div class=\"wp-block-group has-global-padding is-content-justification-left is-layout-constrained wp-container-core-group-is-layout-bb64e47b wp-block-group-is-layout-constrained\" style=\"margin-top:0;margin-bottom:0;padding-top:0;padding-right:0;padding-bottom:0;padding-left:0\">\n<h2 class=\"wp-block-heading\">STRONG INTERNATIONAL LLC<\/h2>\n\n\n\n<hr class=\"wp-block-separator has-text-color has-contrast-2-color has-alpha-channel-opacity has-contrast-2-background-color has-background is-style-wide\"\/>\n\n\n\n<p><em>Joe Fronius<\/em><br>57426 Hawthorn Drive<br>Washington, MI 48094<\/p>\n\n\n\n<p>Tel.: +&nbsp;1 (0) 5 86 \/ 4 89 78 97<br>Mail: <a href=\"mailto:strongindexers@gmail.com\">strongindexers@gmail.com<\/a><br>Web: <a href=\"http:\/\/www.strongindexers.com\/\" target=\"_blank\" rel=\"noreferrer noopener\">www.strongindexers.com<\/a><\/p>\n<\/div>\n\n\n\n<\/div>\n\n<div id=\"CN\" class=\"tabcontent\">\n\n\n\n<div class=\"wp-block-group has-global-padding is-content-justification-left is-layout-constrained wp-container-core-group-is-layout-bb64e47b wp-block-group-is-layout-constrained\" style=\"margin-top:0;margin-bottom:0;padding-top:0;padding-right:0;padding-bottom:0;padding-left:0\">\n<h2 class=\"wp-block-heading\">China Machinery Engineering Suzhou Co. Ltd.<\/h2>\n\n\n\n<hr class=\"wp-block-separator has-text-color has-contrast-2-color has-alpha-channel-opacity has-contrast-2-background-color has-background is-style-wide\"\/>\n\n\n\n<p><em>Calem Zhu<br>Jason Gu<\/em><br>No. 659 JinMen Road<br>Suzhou City JiangSu Province, CHN-215004<\/p>\n\n\n\n<p>Tel.: +&nbsp;86 (0) 5 12 \/ 65 89 06 31<br>Mail: <a href=\"mailto:info@heinz-china.com\">info@heinz-china.com<\/a><br>Web: <a href=\"http:\/\/www.heinz-china.com\/website\/main\/index.asp\" target=\"_blank\" rel=\"noreferrer noopener\">www.heinz-china.com<\/a><\/p>\n<\/div>\n\n\n\n<\/div>\n\n<div id=\"Other\" class=\"tabcontent\">\n\n\n\n<div class=\"wp-block-group has-global-padding is-content-justification-left is-layout-constrained wp-container-core-group-is-layout-bb64e47b wp-block-group-is-layout-constrained\" style=\"margin-top:0;margin-bottom:0;padding-top:0;padding-right:0;padding-bottom:0;padding-left:0\">\n<h2 class=\"wp-block-heading\">HEINZ AUTOMATIONS-SYSTEME GmbH<\/h2>\n\n\n\n<hr class=\"wp-block-separator has-text-color has-contrast-2-color has-alpha-channel-opacity has-contrast-2-background-color has-background is-style-wide\"\/>\n\n\n\n<div class=\"wp-block-columns is-layout-flex wp-container-core-columns-is-layout-28f84493 wp-block-columns-is-layout-flex\">\n<div class=\"wp-block-column is-layout-flow wp-block-column-is-layout-flow\" style=\"flex-basis:25%\">\n<h5 class=\"wp-block-heading\">Techn. Beratung:<\/h5>\n<\/div>\n\n\n\n<div class=\"wp-block-column is-layout-flow wp-block-column-is-layout-flow\" style=\"flex-basis:18%\">\n<p>Dominic Heinz<br><a href=\"mailto:mail@heinz.gmbh\">mail@heinz.gmbh<\/a><br>+49 6251 \/ 10 69 0<\/p>\n<\/div>\n\n\n\n<div class=\"wp-block-column is-layout-flow wp-block-column-is-layout-flow\" style=\"flex-basis:37.5%\">\n<p>Maxim Bolhovitin<br><a href=\"mailto:mail@heinz.gmbh\">mail@heinz.gmbh<\/a><br>+49 6251 \/ 10 69 0<\/p>\n<\/div>\n<\/div>\n<\/div>\n\n\n\n<\/div>\n\n\n\n<p><\/p>","protected":false},"excerpt":{"rendered":"<p>Deutschland Benelux China Frankreich Gro\u00dfbritannien Schweiz Skandinavien Spanien USA weitere L\u00e4nder HEINZ AUTOMATIONS-SYSTEME GmbH Au\u00dfendienst West Deutschland: Michael Langmail@heinz.gmbh+49 6251 \/ 10 69 0 Innendienst Techn. Beratung: Dominic Heinzmail@heinz.gmbh+49 6251 \/ 10 69 0 Maxim Bolhovitinmail@heinz.gmbh+49 6251 \/ 10 69 0 VDP AUTOMATION bv Industrieterrein De PrijkelsVenecoweg 25B-9810 Nazareth Tel.: +32 (0) 9 \/ 222 [&hellip;]<\/p>","protected":false},"author":1,"featured_media":0,"parent":0,"menu_order":0,"comment_status":"closed","ping_status":"closed","template":"page-wide","meta":{"footnotes":""},"class_list":["post-300","page","type-page","status-publish","hentry"],"_links":{"self":[{"href":"https:\/\/heinz.gmbh\/en\/wp-json\/wp\/v2\/pages\/300","targetHints":{"allow":["GET"]}}],"collection":[{"href":"https:\/\/heinz.gmbh\/en\/wp-json\/wp\/v2\/pages"}],"about":[{"href":"https:\/\/heinz.gmbh\/en\/wp-json\/wp\/v2\/types\/page"}],"author":[{"embeddable":true,"href":"https:\/\/heinz.gmbh\/en\/wp-json\/wp\/v2\/users\/1"}],"replies":[{"embeddable":true,"href":"https:\/\/heinz.gmbh\/en\/wp-json\/wp\/v2\/comments?post=300"}],"version-history":[{"count":25,"href":"https:\/\/heinz.gmbh\/en\/wp-json\/wp\/v2\/pages\/300\/revisions"}],"predecessor-version":[{"id":1160,"href":"https:\/\/heinz.gmbh\/en\/wp-json\/wp\/v2\/pages\/300\/revisions\/1160"}],"wp:attachment":[{"href":"https:\/\/heinz.gmbh\/en\/wp-json\/wp\/v2\/media?parent=300"}],"curies":[{"name":"wp","href":"https:\/\/api.w.org\/{rel}","templated":true}]}}