{"id":293,"date":"2024-06-25T11:33:38","date_gmt":"2024-06-25T09:33:38","guid":{"rendered":"http:\/\/xyz123.heinz.gmbh\/?page_id=293"},"modified":"2024-08-02T14:14:31","modified_gmt":"2024-08-02T12:14:31","slug":"lohnkurven","status":"publish","type":"page","link":"https:\/\/heinz.gmbh\/en\/lohnkurven\/","title":{"rendered":"Customized cams"},"content":{"rendered":"<div class=\"wp-block-group has-global-padding is-content-justification-left is-layout-constrained wp-container-core-group-is-layout-a98b9048 wp-block-group-is-layout-constrained\" style=\"margin-top:0;margin-bottom:0;padding-top:0;padding-right:0;padding-bottom:0;padding-left:0\">\n<h2 class=\"wp-block-heading\">Customized cams<\/h2>\n\n\n\n<p>Cams according to customer specification<\/p>\n\n\n\n<hr class=\"wp-block-separator has-text-color has-contrast-2-color has-alpha-channel-opacity has-contrast-2-background-color has-background is-style-wide\" style=\"margin-top:var(--wp--preset--spacing--10);margin-bottom:var(--wp--preset--spacing--10)\"\/>\n<\/div>\n\n\n\n<p>Benefit from our contract manufacturing of cams, customized to your specifications. Our highly specialized and modern machinery ensures precision and quality at the highest level. With our 3D measuring machines, we reliably inspect and document your cams. Additionally, we offer comprehensive consultation and optimization for your new or existing solutions. Rely on our expertise and state-of-the-art technology for your individual requirements.<\/p>\n\n\n\n<div class=\"wp-block-columns alignwide is-layout-flex wp-container-core-columns-is-layout-a9757c1b wp-block-columns-is-layout-flex\" style=\"padding-right:0;padding-left:0\">\n<div class=\"wp-block-column is-layout-flow wp-block-column-is-layout-flow\">\n<figure class=\"wp-block-image size-full is-style-rounded is-style-rounded--2\"><img loading=\"lazy\" decoding=\"async\" width=\"1000\" height=\"1000\" src=\"https:\/\/heinz.gmbh\/wp-content\/uploads\/2024\/07\/Render-Trommelkurve-ISO.png\" alt=\"Zylinderkurve nach Kundenwunsch\" class=\"wp-image-640\" style=\"aspect-ratio:1;object-fit:cover\" srcset=\"https:\/\/heinz.gmbh\/wp-content\/uploads\/2024\/07\/Render-Trommelkurve-ISO.png 1000w, https:\/\/heinz.gmbh\/wp-content\/uploads\/2024\/07\/Render-Trommelkurve-ISO-300x300.png 300w, https:\/\/heinz.gmbh\/wp-content\/uploads\/2024\/07\/Render-Trommelkurve-ISO-150x150.png 150w, https:\/\/heinz.gmbh\/wp-content\/uploads\/2024\/07\/Render-Trommelkurve-ISO-768x768.png 768w, https:\/\/heinz.gmbh\/wp-content\/uploads\/2024\/07\/Render-Trommelkurve-ISO-200x200.png 200w\" sizes=\"auto, (max-width: 1000px) 100vw, 1000px\" \/><\/figure>\n\n\n\n<p class=\"has-text-align-center has-medium-font-size\"><strong>Cylindrical cam<\/strong><\/p>\n<\/div>\n\n\n\n<div class=\"wp-block-column is-layout-flow wp-block-column-is-layout-flow\">\n<figure class=\"wp-block-image size-full is-style-rounded is-style-rounded--3\"><img loading=\"lazy\" decoding=\"async\" width=\"1000\" height=\"1000\" src=\"https:\/\/heinz.gmbh\/wp-content\/uploads\/2024\/07\/Render-Nutkurve-ISO.png\" alt=\"Ebene Nutkurve nach Kundenwunsch\" class=\"wp-image-639\" style=\"aspect-ratio:1;object-fit:cover\" srcset=\"https:\/\/heinz.gmbh\/wp-content\/uploads\/2024\/07\/Render-Nutkurve-ISO.png 1000w, https:\/\/heinz.gmbh\/wp-content\/uploads\/2024\/07\/Render-Nutkurve-ISO-300x300.png 300w, https:\/\/heinz.gmbh\/wp-content\/uploads\/2024\/07\/Render-Nutkurve-ISO-150x150.png 150w, https:\/\/heinz.gmbh\/wp-content\/uploads\/2024\/07\/Render-Nutkurve-ISO-768x768.png 768w, https:\/\/heinz.gmbh\/wp-content\/uploads\/2024\/07\/Render-Nutkurve-ISO-200x200.png 200w\" sizes=\"auto, (max-width: 1000px) 100vw, 1000px\" \/><\/figure>\n\n\n\n<p class=\"has-text-align-center has-medium-font-size\"><strong>Flat slot cam<\/strong><\/p>\n<\/div>\n\n\n\n<div class=\"wp-block-column is-layout-flow wp-block-column-is-layout-flow\">\n<figure class=\"wp-block-image size-full is-style-rounded is-style-rounded--4\"><img loading=\"lazy\" decoding=\"async\" width=\"1000\" height=\"1000\" src=\"https:\/\/heinz.gmbh\/wp-content\/uploads\/2024\/07\/Render-Kurvenpaar-ISO.png\" alt=\"Parallel Kurvenpaar\" class=\"wp-image-637\" style=\"aspect-ratio:1;object-fit:contain\" srcset=\"https:\/\/heinz.gmbh\/wp-content\/uploads\/2024\/07\/Render-Kurvenpaar-ISO.png 1000w, https:\/\/heinz.gmbh\/wp-content\/uploads\/2024\/07\/Render-Kurvenpaar-ISO-300x300.png 300w, https:\/\/heinz.gmbh\/wp-content\/uploads\/2024\/07\/Render-Kurvenpaar-ISO-150x150.png 150w, https:\/\/heinz.gmbh\/wp-content\/uploads\/2024\/07\/Render-Kurvenpaar-ISO-768x768.png 768w, https:\/\/heinz.gmbh\/wp-content\/uploads\/2024\/07\/Render-Kurvenpaar-ISO-200x200.png 200w\" sizes=\"auto, (max-width: 1000px) 100vw, 1000px\" \/><\/figure>\n\n\n\n<p class=\"has-text-align-center has-medium-font-size\"><strong>Flat cam pair<\/strong><\/p>\n<\/div>\n<\/div>\n\n\n\n<div style=\"height:15px\" aria-hidden=\"true\" class=\"wp-block-spacer\"><\/div>\n\n\n\n<p>We offer support in sizing and design and manufacture according to your drawings:<\/p>\n\n\n\n<ul class=\"wp-block-list is-style-checkmark-list\">\n<li>Globoidal cams<\/li>\n\n\n\n<li>Flat cams<\/li>\n\n\n\n<li>Cylindrical cams<\/li>\n\n\n\n<li>Axial cams<\/li>\n\n\n\n<li>Slot cams<\/li>\n<\/ul>\n\n\n\n<p>We manufacture contract cams in small batches starting from just one piece and also offer prototype production.<\/p>\n\n\n\n<div style=\"height:40px\" aria-hidden=\"true\" class=\"wp-block-spacer\"><\/div>\n\n\n\n<div class=\"wp-block-group has-global-padding is-content-justification-left is-layout-constrained wp-container-core-group-is-layout-a98b9048 wp-block-group-is-layout-constrained\" style=\"margin-top:0;margin-bottom:0;padding-top:0;padding-right:0;padding-bottom:0;padding-left:0\">\n<h3 class=\"wp-block-heading\">PDF-Dimension sheet<\/h3>\n\n\n\n<hr class=\"wp-block-separator has-text-color has-contrast-2-color has-alpha-channel-opacity has-contrast-2-background-color has-background is-style-wide\" style=\"margin-top:var(--wp--preset--spacing--10);margin-bottom:var(--wp--preset--spacing--10)\"\/>\n<\/div>\n\n\n\n<div class=\"wp-block-columns is-layout-flex wp-container-core-columns-is-layout-28f84493 wp-block-columns-is-layout-flex\">\n<div class=\"wp-block-column is-layout-flow wp-block-column-is-layout-flow\">\n<figure class=\"wp-block-table is-style-stripes\"><table class=\"has-fixed-layout\"><thead><tr><th class=\"has-text-align-center\" data-align=\"center\">Customized cams<\/th><\/tr><\/thead><tbody><tr><td class=\"has-text-align-center\" data-align=\"center\"><a href=\"https:\/\/heinz.gmbh\/wp-content\/uploads\/2024\/07\/9_kompl.pdf\" target=\"_blank\" rel=\"noreferrer noopener\">Customized cams - Information Sheet PDF<\/a><\/td><\/tr><\/tbody><\/table><\/figure>\n\n\n\n<div style=\"height:40px\" aria-hidden=\"true\" class=\"wp-block-spacer\"><\/div>\n<\/div>\n\n\n\n<div class=\"wp-block-column is-layout-flow wp-block-column-is-layout-flow\" style=\"flex-basis:33%\">\n<figure class=\"wp-block-table is-style-stripes\"><table class=\"has-fixed-layout\"><thead><tr><th class=\"has-text-align-center\" data-align=\"center\">Example<\/th><\/tr><\/thead><\/table><\/figure>\n\n\n\n<figure class=\"wp-block-image size-full\"><img loading=\"lazy\" decoding=\"async\" width=\"440\" height=\"627\" src=\"https:\/\/heinz.gmbh\/wp-content\/uploads\/2024\/07\/Lohnkurven-Cover.jpg\" alt=\"\" class=\"wp-image-809\" srcset=\"https:\/\/heinz.gmbh\/wp-content\/uploads\/2024\/07\/Lohnkurven-Cover.jpg 440w, https:\/\/heinz.gmbh\/wp-content\/uploads\/2024\/07\/Lohnkurven-Cover-211x300.jpg 211w\" sizes=\"auto, (max-width: 440px) 100vw, 440px\" \/><\/figure>\n\n\n\n<div style=\"height:40px\" aria-hidden=\"true\" class=\"wp-block-spacer\"><\/div>\n<\/div>\n<\/div>","protected":false},"excerpt":{"rendered":"<p>Lohnkurven Kurven nach Kundenwunsch Profitieren Sie von unserer Lohnfertigung von Kurven, ma\u00dfgeschneidert nach Ihren W\u00fcnschen. Unser hochspezialisierter und moderner Maschinenpark garantiert Pr\u00e4zision und Qualit\u00e4t auf h\u00f6chstem Niveau. Mit unseren 3D-Messmaschinen pr\u00fcfen und protokollieren wir Ihre Kurven zuverl\u00e4ssig. Zudem bieten wir umfassende Beratung und Optimierung f\u00fcr Ihre neuen oder bestehenden L\u00f6sungen. Vertrauen Sie auf unsere Expertise [&hellip;]<\/p>","protected":false},"author":1,"featured_media":0,"parent":0,"menu_order":0,"comment_status":"closed","ping_status":"closed","template":"page-wide","meta":{"footnotes":""},"class_list":["post-293","page","type-page","status-publish","hentry"],"_links":{"self":[{"href":"https:\/\/heinz.gmbh\/en\/wp-json\/wp\/v2\/pages\/293","targetHints":{"allow":["GET"]}}],"collection":[{"href":"https:\/\/heinz.gmbh\/en\/wp-json\/wp\/v2\/pages"}],"about":[{"href":"https:\/\/heinz.gmbh\/en\/wp-json\/wp\/v2\/types\/page"}],"author":[{"embeddable":true,"href":"https:\/\/heinz.gmbh\/en\/wp-json\/wp\/v2\/users\/1"}],"replies":[{"embeddable":true,"href":"https:\/\/heinz.gmbh\/en\/wp-json\/wp\/v2\/comments?post=293"}],"version-history":[{"count":7,"href":"https:\/\/heinz.gmbh\/en\/wp-json\/wp\/v2\/pages\/293\/revisions"}],"predecessor-version":[{"id":962,"href":"https:\/\/heinz.gmbh\/en\/wp-json\/wp\/v2\/pages\/293\/revisions\/962"}],"wp:attachment":[{"href":"https:\/\/heinz.gmbh\/en\/wp-json\/wp\/v2\/media?parent=293"}],"curies":[{"name":"wp","href":"https:\/\/api.w.org\/{rel}","templated":true}]}}