{"id":288,"date":"2024-06-25T11:01:29","date_gmt":"2024-06-25T09:01:29","guid":{"rendered":"http:\/\/xyz123.heinz.gmbh\/?page_id=288"},"modified":"2024-08-02T14:14:05","modified_gmt":"2024-08-02T12:14:05","slug":"hub-schwenk-getriebe-hhg","status":"publish","type":"page","link":"https:\/\/heinz.gmbh\/en\/hub-schwenk-getriebe-hhg\/","title":{"rendered":"Hub-Schwenk-Getriebe-HHG"},"content":{"rendered":"<div class=\"wp-block-group has-global-padding is-content-justification-left is-layout-constrained wp-container-core-group-is-layout-a98b9048 wp-block-group-is-layout-constrained\" style=\"margin-top:0;margin-bottom:0;padding-top:0;padding-right:0;padding-bottom:0;padding-left:0\">\n<h2 class=\"wp-block-heading\">Pick and Placer - HHG<\/h2>\n\n\n\n<p>Several movements combined together<\/p>\n\n\n\n<hr class=\"wp-block-separator has-text-color has-contrast-2-color has-alpha-channel-opacity has-contrast-2-background-color has-background is-style-wide\" style=\"margin-top:var(--wp--preset--spacing--10);margin-bottom:var(--wp--preset--spacing--10)\"\/>\n<\/div>\n\n\n\n<p>Lift-swing gearboxes, also known as pick-and-placers, are specialized gear mechanisms that combine a linear lift motion with a step or oscillating motion. These movements are mechanically linked and executed according to the specific requirements of the customer.<\/p>\n\n\n\n<div class=\"wp-block-columns alignwide is-layout-flex wp-container-core-columns-is-layout-a9757c1b wp-block-columns-is-layout-flex\" style=\"padding-right:0;padding-left:0\">\n<div class=\"wp-block-column is-layout-flow wp-block-column-is-layout-flow\">\n<figure class=\"wp-block-image size-full is-style-rounded is-style-rounded--2\"><img loading=\"lazy\" decoding=\"async\" width=\"1000\" height=\"1000\" src=\"https:\/\/heinz.gmbh\/wp-content\/uploads\/2024\/05\/HHG75.png\" alt=\"Hub-Schwenk-Getriebe HHG\" class=\"wp-image-169\" style=\"aspect-ratio:1;object-fit:cover\" srcset=\"https:\/\/heinz.gmbh\/wp-content\/uploads\/2024\/05\/HHG75.png 1000w, https:\/\/heinz.gmbh\/wp-content\/uploads\/2024\/05\/HHG75-300x300.png 300w, https:\/\/heinz.gmbh\/wp-content\/uploads\/2024\/05\/HHG75-150x150.png 150w, https:\/\/heinz.gmbh\/wp-content\/uploads\/2024\/05\/HHG75-768x768.png 768w, https:\/\/heinz.gmbh\/wp-content\/uploads\/2024\/05\/HHG75-200x200.png 200w\" sizes=\"auto, (max-width: 1000px) 100vw, 1000px\" \/><\/figure>\n\n\n\n<p class=\"has-text-align-center has-medium-font-size\"><strong>HHG<\/strong><\/p>\n<\/div>\n\n\n\n<div class=\"wp-block-column is-layout-flow wp-block-column-is-layout-flow\">\n<figure class=\"wp-block-image size-full is-style-rounded is-style-rounded--3\"><img loading=\"lazy\" decoding=\"async\" width=\"1890\" height=\"1442\" src=\"https:\/\/heinz.gmbh\/wp-content\/uploads\/2024\/05\/HHG80.png\" alt=\"Hub-Schwenk-Getriebe HHG\" class=\"wp-image-124\" style=\"aspect-ratio:1;object-fit:contain\" srcset=\"https:\/\/heinz.gmbh\/wp-content\/uploads\/2024\/05\/HHG80.png 1890w, https:\/\/heinz.gmbh\/wp-content\/uploads\/2024\/05\/HHG80-300x229.png 300w, https:\/\/heinz.gmbh\/wp-content\/uploads\/2024\/05\/HHG80-1024x781.png 1024w, https:\/\/heinz.gmbh\/wp-content\/uploads\/2024\/05\/HHG80-768x586.png 768w, https:\/\/heinz.gmbh\/wp-content\/uploads\/2024\/05\/HHG80-1536x1172.png 1536w\" sizes=\"auto, (max-width: 1890px) 100vw, 1890px\" \/><\/figure>\n\n\n\n<p class=\"has-text-align-center has-medium-font-size\"><strong>HHG<\/strong><\/p>\n<\/div>\n\n\n\n<div class=\"wp-block-column is-layout-flow wp-block-column-is-layout-flow\"><\/div>\n<\/div>\n\n\n\n<div style=\"height:15px\" aria-hidden=\"true\" class=\"wp-block-spacer\"><\/div>\n\n\n\n<p>Integrating lift and step movements into a single cycle and gearbox offers significant advantages. On one hand, production times can be reduced as multiple movements are consolidated into one operational step. On the other hand, space requirements on the production floor are minimized since fewer separate gearboxes and devices are needed.<\/p>\n\n\n\n<div style=\"height:40px\" aria-hidden=\"true\" class=\"wp-block-spacer\"><\/div>\n\n\n\n<div class=\"wp-block-group has-global-padding is-content-justification-left is-layout-constrained wp-container-core-group-is-layout-a98b9048 wp-block-group-is-layout-constrained\" style=\"margin-top:0;margin-bottom:0;padding-top:0;padding-right:0;padding-bottom:0;padding-left:0\">\n<h3 class=\"wp-block-heading\">PDF-Dimension sheet<\/h3>\n\n\n\n<hr class=\"wp-block-separator has-text-color has-contrast-2-color has-alpha-channel-opacity has-contrast-2-background-color has-background is-style-wide\" style=\"margin-top:var(--wp--preset--spacing--10);margin-bottom:var(--wp--preset--spacing--10)\"\/>\n<\/div>\n\n\n\n<div class=\"wp-block-columns is-layout-flex wp-container-core-columns-is-layout-28f84493 wp-block-columns-is-layout-flex\">\n<div class=\"wp-block-column is-layout-flow wp-block-column-is-layout-flow\">\n<figure class=\"wp-block-table is-style-stripes\"><table class=\"has-fixed-layout\"><thead><tr><th class=\"has-text-align-center\" data-align=\"center\">HHG<\/th><\/tr><\/thead><tbody><tr><td class=\"has-text-align-center\" data-align=\"center\"><a href=\"https:\/\/heinz.gmbh\/wp-content\/uploads\/2024\/07\/HHG62.pdf\" target=\"_blank\" rel=\"noreferrer noopener\">HHG62 PDF<\/a><\/td><\/tr><tr><td class=\"has-text-align-center\" data-align=\"center\"><a href=\"https:\/\/heinz.gmbh\/wp-content\/uploads\/2024\/07\/HHG75.pdf\" target=\"_blank\" rel=\"noreferrer noopener\">HHG75 PDF<\/a><\/td><\/tr><tr><td class=\"has-text-align-center\" data-align=\"center\"><a href=\"https:\/\/heinz.gmbh\/wp-content\/uploads\/2024\/07\/HHG80.pdf\" target=\"_blank\" rel=\"noreferrer noopener\">HHG80 PDF<\/a><\/td><\/tr><tr><td class=\"has-text-align-center\" data-align=\"center\"><a href=\"https:\/\/heinz.gmbh\/wp-content\/uploads\/2024\/07\/HHG100.pdf\" target=\"_blank\" rel=\"noreferrer noopener\">HHG100 PDF<\/a><\/td><\/tr><tr><td class=\"has-text-align-center\" data-align=\"center\"><a href=\"https:\/\/heinz.gmbh\/wp-content\/uploads\/2024\/07\/HHG108.pdf\" target=\"_blank\" rel=\"noreferrer noopener\">HHG108 PDF<\/a><\/td><\/tr><tr><td class=\"has-text-align-center\" data-align=\"center\"><a href=\"https:\/\/heinz.gmbh\/wp-content\/uploads\/2024\/07\/HHG110.pdf\" target=\"_blank\" rel=\"noreferrer noopener\">HHG110 PDF<\/a><\/td><\/tr><tr><td class=\"has-text-align-center\" data-align=\"center\"><a href=\"https:\/\/heinz.gmbh\/wp-content\/uploads\/2024\/07\/HHG152.pdf\" target=\"_blank\" rel=\"noreferrer noopener\">HHG152 PDF<\/a><\/td><\/tr><tr><td class=\"has-text-align-center\" data-align=\"center\"><a href=\"https:\/\/heinz.gmbh\/wp-content\/uploads\/2024\/07\/HHS.pdf\" target=\"_blank\" rel=\"noreferrer noopener\">HHS PDF<\/a><\/td><\/tr><\/tbody><\/table><\/figure>\n\n\n\n<div style=\"height:40px\" aria-hidden=\"true\" class=\"wp-block-spacer\"><\/div>\n<\/div>\n\n\n\n<div class=\"wp-block-column is-layout-flow wp-block-column-is-layout-flow\" style=\"flex-basis:33%\">\n<figure class=\"wp-block-table is-style-stripes\"><table class=\"has-fixed-layout\"><thead><tr><th class=\"has-text-align-center\" data-align=\"center\">Example<\/th><\/tr><\/thead><\/table><\/figure>\n\n\n\n<figure class=\"wp-block-image size-full\"><img loading=\"lazy\" decoding=\"async\" width=\"442\" height=\"627\" src=\"https:\/\/heinz.gmbh\/wp-content\/uploads\/2024\/07\/HHG-Cover.jpg\" alt=\"HHG-Hub-Schwenk-Getriebe-Cover\" class=\"wp-image-806\" srcset=\"https:\/\/heinz.gmbh\/wp-content\/uploads\/2024\/07\/HHG-Cover.jpg 442w, https:\/\/heinz.gmbh\/wp-content\/uploads\/2024\/07\/HHG-Cover-211x300.jpg 211w\" sizes=\"auto, (max-width: 442px) 100vw, 442px\" \/><\/figure>\n\n\n\n<div style=\"height:40px\" aria-hidden=\"true\" class=\"wp-block-spacer\"><\/div>\n<\/div>\n<\/div>\n\n\n\n<div class=\"wp-block-columns is-layout-flex wp-container-core-columns-is-layout-28f84493 wp-block-columns-is-layout-flex\">\n<div class=\"wp-block-column is-layout-flow wp-block-column-is-layout-flow\" style=\"flex-basis:66%\">\n<div class=\"wp-block-group has-global-padding is-content-justification-left is-layout-constrained wp-container-core-group-is-layout-a98b9048 wp-block-group-is-layout-constrained\" style=\"margin-top:0;margin-bottom:0;padding-top:0;padding-right:0;padding-bottom:0;padding-left:0\">\n<h3 class=\"wp-block-heading\">Application possibilities<\/h3>\n\n\n\n<hr class=\"wp-block-separator has-text-color has-contrast-2-color has-alpha-channel-opacity has-contrast-2-background-color has-background is-style-wide\" style=\"margin-top:var(--wp--preset--spacing--10);margin-bottom:var(--wp--preset--spacing--10)\"\/>\n<\/div>\n\n\n\n<div class=\"wp-block-columns is-layout-flex wp-container-core-columns-is-layout-28f84493 wp-block-columns-is-layout-flex\">\n<div class=\"wp-block-column is-layout-flow wp-block-column-is-layout-flow\">\n<ul class=\"wp-block-list\">\n<li>Transfer systems<\/li>\n\n\n\n<li>Pick and Placer<\/li>\n<\/ul>\n<\/div>\n<\/div>\n\n\n\n<div class=\"ytdivleft\"><iframe id=\"ytplayer\" type=\"text\/html\" width=\"750\" height=\"450\" \nsrc=\"https:\/\/www.youtube.com\/embed\/El6X6iH0AgU?autoplay=1&#038;controls=0&#038;loop=1&#038;playlist=El6X6iH0AgU\"\nframeborder=\"0\" allowfullscreen><\/iframe><\/div>\n\n\n\n<div style=\"height:40px\" aria-hidden=\"true\" class=\"wp-block-spacer\"><\/div>\n<\/div>\n\n\n\n<div class=\"wp-block-column is-layout-flow wp-block-column-is-layout-flow\"><\/div>\n<\/div>","protected":false},"excerpt":{"rendered":"<p>Hub-Schwenk-Getriebe &#8211; HHG Kompakte Kombination mehrerer Bewegungen Hub-Schwenk-Getriebe, auch als Pick-and-Placer bekannt, sind spezialisierte Getriebe, die eine lineare Hubbewegung mit einer Schritt- oder Pendelbewegung kombinieren. Diese Bewegungen sind mechanisch gekoppelt und werden gem\u00e4\u00df den spezifischen Anforderungen des Kunden ausgef\u00fchrt. HHG HHG Die Integration von Hub- und Schrittbewegungen in einem einzigen Zyklus und Getriebe bietet erhebliche [&hellip;]<\/p>","protected":false},"author":1,"featured_media":0,"parent":0,"menu_order":0,"comment_status":"closed","ping_status":"closed","template":"page-wide","meta":{"footnotes":""},"class_list":["post-288","page","type-page","status-publish","hentry"],"_links":{"self":[{"href":"https:\/\/heinz.gmbh\/en\/wp-json\/wp\/v2\/pages\/288","targetHints":{"allow":["GET"]}}],"collection":[{"href":"https:\/\/heinz.gmbh\/en\/wp-json\/wp\/v2\/pages"}],"about":[{"href":"https:\/\/heinz.gmbh\/en\/wp-json\/wp\/v2\/types\/page"}],"author":[{"embeddable":true,"href":"https:\/\/heinz.gmbh\/en\/wp-json\/wp\/v2\/users\/1"}],"replies":[{"embeddable":true,"href":"https:\/\/heinz.gmbh\/en\/wp-json\/wp\/v2\/comments?post=288"}],"version-history":[{"count":12,"href":"https:\/\/heinz.gmbh\/en\/wp-json\/wp\/v2\/pages\/288\/revisions"}],"predecessor-version":[{"id":961,"href":"https:\/\/heinz.gmbh\/en\/wp-json\/wp\/v2\/pages\/288\/revisions\/961"}],"wp:attachment":[{"href":"https:\/\/heinz.gmbh\/en\/wp-json\/wp\/v2\/media?parent=288"}],"curies":[{"name":"wp","href":"https:\/\/api.w.org\/{rel}","templated":true}]}}