{"id":278,"date":"2024-06-25T10:01:58","date_gmt":"2024-06-25T08:01:58","guid":{"rendered":"http:\/\/xyz123.heinz.gmbh\/?page_id=278"},"modified":"2024-08-21T15:56:36","modified_gmt":"2024-08-21T13:56:36","slug":"rundtisch-ring-trommel-hr","status":"publish","type":"page","link":"https:\/\/heinz.gmbh\/en\/rundtisch-ring-trommel-hr\/","title":{"rendered":"Rundtisch-Ring-Trommel-HR"},"content":{"rendered":"<div class=\"wp-block-group has-global-padding is-content-justification-left is-layout-constrained wp-container-core-group-is-layout-a98b9048 wp-block-group-is-layout-constrained\" style=\"margin-top:0;margin-bottom:0;padding-top:0;padding-right:0;padding-bottom:0;padding-left:0\">\n<h2 class=\"wp-block-heading\">Cylindrical index table HR<\/h2>\n\n\n\n<p>Large center hole for mounting units<\/p>\n\n\n\n<hr class=\"wp-block-separator has-text-color has-contrast-2-color has-alpha-channel-opacity has-contrast-2-background-color has-background is-style-wide\" style=\"margin-top:var(--wp--preset--spacing--10);margin-bottom:var(--wp--preset--spacing--10)\"\/>\n<\/div>\n\n\n\n<p>A characteristic feature of this type is the extremely large center bore, which makes it particularly suitable for assembly machines and similar applications.<\/p>\n\n\n\n<div class=\"wp-block-columns alignwide is-layout-flex wp-container-core-columns-is-layout-a9757c1b wp-block-columns-is-layout-flex\" style=\"padding-right:0;padding-left:0\">\n<div class=\"wp-block-column is-layout-flow wp-block-column-is-layout-flow\">\n<figure class=\"wp-block-image size-full is-style-rounded is-style-rounded--2\"><img loading=\"lazy\" decoding=\"async\" width=\"1000\" height=\"1000\" src=\"https:\/\/heinz.gmbh\/wp-content\/uploads\/2024\/05\/HR800.png\" alt=\"Ring-Rundtisch HR\" class=\"wp-image-166\" style=\"aspect-ratio:1;object-fit:cover\" srcset=\"https:\/\/heinz.gmbh\/wp-content\/uploads\/2024\/05\/HR800.png 1000w, https:\/\/heinz.gmbh\/wp-content\/uploads\/2024\/05\/HR800-300x300.png 300w, https:\/\/heinz.gmbh\/wp-content\/uploads\/2024\/05\/HR800-150x150.png 150w, https:\/\/heinz.gmbh\/wp-content\/uploads\/2024\/05\/HR800-768x768.png 768w, https:\/\/heinz.gmbh\/wp-content\/uploads\/2024\/05\/HR800-200x200.png 200w\" sizes=\"auto, (max-width: 1000px) 100vw, 1000px\" \/><\/figure>\n\n\n\n<p class=\"has-text-align-center has-medium-font-size\"><strong>HR<\/strong><\/p>\n<\/div>\n\n\n\n<div class=\"wp-block-column is-layout-flow wp-block-column-is-layout-flow\">\n<figure class=\"wp-block-image size-full is-style-rounded is-style-rounded--3\"><img loading=\"lazy\" decoding=\"async\" width=\"3000\" height=\"1860\" src=\"https:\/\/heinz.gmbh\/wp-content\/uploads\/2024\/05\/HR1100-2021.png\" alt=\"Trommelkurven-Ringrundtisch HR\" class=\"wp-image-123\" style=\"aspect-ratio:1;object-fit:contain\" srcset=\"https:\/\/heinz.gmbh\/wp-content\/uploads\/2024\/05\/HR1100-2021.png 3000w, https:\/\/heinz.gmbh\/wp-content\/uploads\/2024\/05\/HR1100-2021-300x186.png 300w, https:\/\/heinz.gmbh\/wp-content\/uploads\/2024\/05\/HR1100-2021-1024x635.png 1024w, https:\/\/heinz.gmbh\/wp-content\/uploads\/2024\/05\/HR1100-2021-768x476.png 768w, https:\/\/heinz.gmbh\/wp-content\/uploads\/2024\/05\/HR1100-2021-1536x952.png 1536w, https:\/\/heinz.gmbh\/wp-content\/uploads\/2024\/05\/HR1100-2021-2048x1270.png 2048w\" sizes=\"auto, (max-width: 3000px) 100vw, 3000px\" \/><\/figure>\n\n\n\n<p class=\"has-text-align-center has-medium-font-size\"><strong>HR<\/strong><\/p>\n<\/div>\n\n\n\n<div class=\"wp-block-column is-layout-flow wp-block-column-is-layout-flow\">\n<figure class=\"wp-block-image size-full is-style-rounded is-style-rounded--4\"><img loading=\"lazy\" decoding=\"async\" width=\"1000\" height=\"1000\" src=\"https:\/\/heinz.gmbh\/wp-content\/uploads\/2024\/06\/HEINZ-Trommel-EBS-1000px.png\" alt=\"Einbausatz Trommel-Rundtisch\" class=\"wp-image-275\" style=\"aspect-ratio:1;object-fit:cover\" srcset=\"https:\/\/heinz.gmbh\/wp-content\/uploads\/2024\/06\/HEINZ-Trommel-EBS-1000px.png 1000w, https:\/\/heinz.gmbh\/wp-content\/uploads\/2024\/06\/HEINZ-Trommel-EBS-1000px-300x300.png 300w, https:\/\/heinz.gmbh\/wp-content\/uploads\/2024\/06\/HEINZ-Trommel-EBS-1000px-150x150.png 150w, https:\/\/heinz.gmbh\/wp-content\/uploads\/2024\/06\/HEINZ-Trommel-EBS-1000px-768x768.png 768w\" sizes=\"auto, (max-width: 1000px) 100vw, 1000px\" \/><\/figure>\n\n\n\n<p class=\"has-text-align-center has-medium-font-size\"><strong>Mechanism<\/strong><\/p>\n<\/div>\n<\/div>\n\n\n\n<div style=\"height:15px\" aria-hidden=\"true\" class=\"wp-block-spacer\"><\/div>\n\n\n\n<p>The large cam follower radius and cam diameter ensure high positioning accuracy and enable short switching angles.<\/p>\n\n\n\n<div style=\"height:40px\" aria-hidden=\"true\" class=\"wp-block-spacer\"><\/div>\n\n\n\n<div class=\"wp-block-group has-global-padding is-content-justification-left is-layout-constrained wp-container-core-group-is-layout-a98b9048 wp-block-group-is-layout-constrained\" style=\"margin-top:0;margin-bottom:0;padding-top:0;padding-right:0;padding-bottom:0;padding-left:0\">\n<h3 class=\"wp-block-heading\">PDF-Dimension sheet<\/h3>\n\n\n\n<hr class=\"wp-block-separator has-text-color has-contrast-2-color has-alpha-channel-opacity has-contrast-2-background-color has-background is-style-wide\" style=\"margin-top:var(--wp--preset--spacing--10);margin-bottom:var(--wp--preset--spacing--10)\"\/>\n<\/div>\n\n\n\n<div class=\"wp-block-columns is-layout-flex wp-container-core-columns-is-layout-28f84493 wp-block-columns-is-layout-flex\">\n<div class=\"wp-block-column is-layout-flow wp-block-column-is-layout-flow\">\n<figure class=\"wp-block-table is-style-stripes\"><table class=\"has-fixed-layout\"><thead><tr><th class=\"has-text-align-center\" data-align=\"center\">HR<\/th><\/tr><\/thead><tbody><tr><td class=\"has-text-align-center\" data-align=\"center\"><a href=\"https:\/\/heinz.gmbh\/wp-content\/uploads\/2024\/07\/HR800.pdf\" target=\"_blank\" rel=\"noreferrer noopener\">HR800 PDF<\/a><\/td><\/tr><tr><td class=\"has-text-align-center\" data-align=\"center\"><a href=\"https:\/\/heinz.gmbh\/wp-content\/uploads\/2024\/07\/HR1100.pdf\" target=\"_blank\" rel=\"noreferrer noopener\">HR1100 PDF<\/a><\/td><\/tr><tr><td class=\"has-text-align-center\" data-align=\"center\"><a href=\"https:\/\/heinz.gmbh\/wp-content\/uploads\/2024\/07\/HR1250.pdf\" target=\"_blank\" rel=\"noreferrer noopener\">HR1250 PDF<\/a><\/td><\/tr><tr><td class=\"has-text-align-center\" data-align=\"center\"><a href=\"https:\/\/heinz.gmbh\/wp-content\/uploads\/2024\/07\/HR1600.pdf\" target=\"_blank\" rel=\"noreferrer noopener\">HR1600 PDF<\/a><\/td><\/tr><\/tbody><\/table><\/figure>\n\n\n\n<div style=\"height:40px\" aria-hidden=\"true\" class=\"wp-block-spacer\"><\/div>\n<\/div>\n\n\n\n<div class=\"wp-block-column is-layout-flow wp-block-column-is-layout-flow\" style=\"flex-basis:33%\">\n<figure class=\"wp-block-table is-style-stripes\"><table class=\"has-fixed-layout\"><thead><tr><th class=\"has-text-align-center\" data-align=\"center\">Example<\/th><\/tr><\/thead><\/table><\/figure>\n\n\n\n<figure class=\"wp-block-image size-full\"><img loading=\"lazy\" decoding=\"async\" width=\"442\" height=\"628\" src=\"https:\/\/heinz.gmbh\/wp-content\/uploads\/2024\/07\/HR-Cover.jpg\" alt=\"HR-Trommel-Ringtisch-Cover\" class=\"wp-image-795\" srcset=\"https:\/\/heinz.gmbh\/wp-content\/uploads\/2024\/07\/HR-Cover.jpg 442w, https:\/\/heinz.gmbh\/wp-content\/uploads\/2024\/07\/HR-Cover-211x300.jpg 211w\" sizes=\"auto, (max-width: 442px) 100vw, 442px\" \/><\/figure>\n\n\n\n<div style=\"height:40px\" aria-hidden=\"true\" class=\"wp-block-spacer\"><\/div>\n<\/div>\n<\/div>\n\n\n\n<div class=\"wp-block-columns is-layout-flex wp-container-core-columns-is-layout-28f84493 wp-block-columns-is-layout-flex\">\n<div class=\"wp-block-column is-layout-flow wp-block-column-is-layout-flow\">\n<div class=\"wp-block-group has-global-padding is-content-justification-left is-layout-constrained wp-container-core-group-is-layout-a98b9048 wp-block-group-is-layout-constrained\" style=\"margin-top:0;margin-bottom:0;padding-top:0;padding-right:0;padding-bottom:0;padding-left:0\">\n<h3 class=\"wp-block-heading\">Application possibilities<\/h3>\n\n\n\n<hr class=\"wp-block-separator has-text-color has-contrast-2-color has-alpha-channel-opacity has-contrast-2-background-color has-background is-style-wide\" style=\"margin-top:var(--wp--preset--spacing--10);margin-bottom:var(--wp--preset--spacing--10)\"\/>\n<\/div>\n\n\n\n<div class=\"wp-block-columns is-layout-flex wp-container-core-columns-is-layout-28f84493 wp-block-columns-is-layout-flex\">\n<div class=\"wp-block-column is-layout-flow wp-block-column-is-layout-flow\">\n<ul class=\"wp-block-list\">\n<li>Assembly machines<\/li>\n<\/ul>\n<\/div>\n<\/div>\n\n\n\n<div class=\"ytdivleft\"><iframe id=\"ytplayer\" type=\"text\/html\" width=\"580\" height=\"330\" \nsrc=\"https:\/\/www.youtube.com\/embed\/x0gKXdt2c3o?autoplay=1&#038;controls=0&#038;loop=1&#038;playlist=x0gKXdt2c3o\"\nframeborder=\"0\" allowfullscreen><\/iframe><\/div>\n\n\n\n<div style=\"height:10px\" aria-hidden=\"true\" class=\"wp-block-spacer\"><\/div>\n\n\n\n<div class=\"wp-block-group has-global-padding is-content-justification-left is-layout-constrained wp-container-core-group-is-layout-a98b9048 wp-block-group-is-layout-constrained\" style=\"margin-top:0;margin-bottom:0;padding-top:0;padding-right:0;padding-bottom:0;padding-left:0\">\n<h3 class=\"wp-block-heading\">HEINZ plus \/ HEINZ flex<\/h3>\n\n\n\n<hr class=\"wp-block-separator has-text-color has-contrast-2-color has-alpha-channel-opacity has-contrast-2-background-color has-background is-style-wide\" style=\"margin-top:var(--wp--preset--spacing--10);margin-bottom:var(--wp--preset--spacing--10)\"\/>\n\n\n\n<p>Increase performance or increase flexibility and achieve the optimal adaptation of our indexer to your application.<br><a href=\"https:\/\/heinz.gmbh\/en\/heinz-plus-flex\/\" data-type=\"page\" data-id=\"827\">Here you can find more information<\/a><\/p>\n<\/div>\n<\/div>\n\n\n\n<div class=\"wp-block-column is-layout-flow wp-block-column-is-layout-flow\">\n<div class=\"wp-block-group wp-embed-aspect-16-9 wp-has-aspect-ratio has-global-padding is-content-justification-left is-layout-constrained wp-container-core-group-is-layout-a98b9048 wp-block-group-is-layout-constrained\" style=\"margin-top:0;margin-bottom:0;padding-top:0;padding-right:0;padding-bottom:0;padding-left:0\">\n<h3 class=\"wp-block-heading\">Mechanism<\/h3>\n\n\n\n<hr class=\"wp-block-separator has-text-color has-contrast-2-color has-alpha-channel-opacity has-contrast-2-background-color has-background is-style-wide\" style=\"margin-top:var(--wp--preset--spacing--10);margin-bottom:var(--wp--preset--spacing--10)\"\/>\n<\/div>\n\n\n\n<p class=\"wp-embed-aspect-16-9 wp-has-aspect-ratio\">Our mechanisms are the central mechanical element of our cam gears and ensure identical functionality. The mechanism is characterized by extreme flexibility in production and can be individually adapted to specific requirements. Adjustments such as individual center distances, bearings and structural design features are possible. Our mechanisms can be optimally integrated into your machines, even in confined spaces or complex arrangements of different components.<\/p>\n\n\n\n<p class=\"wp-embed-aspect-16-9 wp-has-aspect-ratio\">Please let us know your specific requirements and the space available in your machine. We will work closely with you to develop a tailor-made mechanism. We will discuss all relevant properties, such as the optimal bearing and lubrication of the mechanism, which play a crucial role in its performance and longevity. This way we ensure that the mechanism is perfectly tailored to your needs and can be efficiently integrated into your machine.<\/p>\n\n\n\n<div style=\"height:40px\" aria-hidden=\"true\" class=\"wp-block-spacer\"><\/div>\n<\/div>\n<\/div>","protected":false},"excerpt":{"rendered":"<p>Trommel-Ringtisch &#8211; HR Gro\u00dfe Mittenbohrung f\u00fcr Montageeinheiten Ein charakteristisches Merkmal dieses Typs ist die extrem gro\u00dfe Mittenbohrung, die ihn besonders f\u00fcr Montage-Automaten und \u00e4hnliche Anwendungen geeignet macht. HR HR EBS &#8211; Mechanismus Der gro\u00dfe Kurvenrollenradius und Kurvendurchmesser sorgen f\u00fcr hohe Positioniergenauigkeit und erm\u00f6glichen kurze Schaltwinkel. PDF-Ma\u00dfbl\u00e4tter HR HR800 PDF HR1100 PDF HR1250 PDF HR1600 PDF [&hellip;]<\/p>","protected":false},"author":1,"featured_media":0,"parent":0,"menu_order":0,"comment_status":"closed","ping_status":"closed","template":"page-wide","meta":{"footnotes":""},"class_list":["post-278","page","type-page","status-publish","hentry"],"_links":{"self":[{"href":"https:\/\/heinz.gmbh\/en\/wp-json\/wp\/v2\/pages\/278","targetHints":{"allow":["GET"]}}],"collection":[{"href":"https:\/\/heinz.gmbh\/en\/wp-json\/wp\/v2\/pages"}],"about":[{"href":"https:\/\/heinz.gmbh\/en\/wp-json\/wp\/v2\/types\/page"}],"author":[{"embeddable":true,"href":"https:\/\/heinz.gmbh\/en\/wp-json\/wp\/v2\/users\/1"}],"replies":[{"embeddable":true,"href":"https:\/\/heinz.gmbh\/en\/wp-json\/wp\/v2\/comments?post=278"}],"version-history":[{"count":11,"href":"https:\/\/heinz.gmbh\/en\/wp-json\/wp\/v2\/pages\/278\/revisions"}],"predecessor-version":[{"id":1015,"href":"https:\/\/heinz.gmbh\/en\/wp-json\/wp\/v2\/pages\/278\/revisions\/1015"}],"wp:attachment":[{"href":"https:\/\/heinz.gmbh\/en\/wp-json\/wp\/v2\/media?parent=278"}],"curies":[{"name":"wp","href":"https:\/\/api.w.org\/{rel}","templated":true}]}}