{"id":274,"date":"2024-06-25T09:44:29","date_gmt":"2024-06-25T07:44:29","guid":{"rendered":"http:\/\/xyz123.heinz.gmbh\/?page_id=274"},"modified":"2025-07-29T15:33:03","modified_gmt":"2025-07-29T13:33:03","slug":"rundtische-trommel-htt","status":"publish","type":"page","link":"https:\/\/heinz.gmbh\/en\/rundtische-trommel-htt\/","title":{"rendered":"Rundtische-Trommel-HTT"},"content":{"rendered":"<div class=\"wp-block-group has-global-padding is-content-justification-left is-layout-constrained wp-container-core-group-is-layout-a98b9048 wp-block-group-is-layout-constrained\" style=\"margin-top:0;margin-bottom:0;padding-top:0;padding-right:0;padding-bottom:0;padding-left:0\">\n<h2 class=\"wp-block-heading\">Cylindrical index table HTT<\/h2>\n\n\n\n<p>Rigid and vibration-free positioning<\/p>\n\n\n\n<hr class=\"wp-block-separator has-text-color has-contrast-2-color has-alpha-channel-opacity has-contrast-2-background-color has-background is-style-wide\" style=\"margin-top:var(--wp--preset--spacing--10);margin-bottom:var(--wp--preset--spacing--10)\"\/>\n<\/div>\n\n\n\n<p>Our <strong>Cylindrical index table<\/strong> of the series <strong>HTT <\/strong>is characterized by a large cam roller radius and a large curve diameter, which means that it can absorb a high mass moment of inertia and move vibration-free with high positioning accuracy.<\/p>\n\n\n\n<div class=\"wp-block-columns alignwide is-layout-flex wp-container-core-columns-is-layout-a9757c1b wp-block-columns-is-layout-flex\" style=\"padding-right:0;padding-left:0\">\n<div class=\"wp-block-column is-layout-flow wp-block-column-is-layout-flow\">\n<figure class=\"wp-block-image size-full is-style-rounded is-style-rounded--2\"><img loading=\"lazy\" decoding=\"async\" width=\"1000\" height=\"1000\" src=\"https:\/\/heinz.gmbh\/wp-content\/uploads\/2024\/07\/Render-HTT100-ISO.png\" alt=\"Trommel-Rundtisch HTT\" class=\"wp-image-634\" style=\"aspect-ratio:1;object-fit:cover\" srcset=\"https:\/\/heinz.gmbh\/wp-content\/uploads\/2024\/07\/Render-HTT100-ISO.png 1000w, https:\/\/heinz.gmbh\/wp-content\/uploads\/2024\/07\/Render-HTT100-ISO-300x300.png 300w, https:\/\/heinz.gmbh\/wp-content\/uploads\/2024\/07\/Render-HTT100-ISO-150x150.png 150w, https:\/\/heinz.gmbh\/wp-content\/uploads\/2024\/07\/Render-HTT100-ISO-768x768.png 768w\" sizes=\"auto, (max-width: 1000px) 100vw, 1000px\" \/><\/figure>\n\n\n\n<p class=\"has-text-align-center has-medium-font-size\"><strong>HTT<\/strong><\/p>\n<\/div>\n\n\n\n<div class=\"wp-block-column is-layout-flow wp-block-column-is-layout-flow\">\n<figure class=\"wp-block-image size-full is-style-rounded is-style-rounded--3\"><img loading=\"lazy\" decoding=\"async\" width=\"1000\" height=\"1000\" src=\"https:\/\/heinz.gmbh\/wp-content\/uploads\/2024\/07\/Render-HTS1000-ISO.png\" alt=\"Trommel-Kurvengetriebe-HTS1000\" class=\"wp-image-627\" style=\"aspect-ratio:1;object-fit:contain\" srcset=\"https:\/\/heinz.gmbh\/wp-content\/uploads\/2024\/07\/Render-HTS1000-ISO.png 1000w, https:\/\/heinz.gmbh\/wp-content\/uploads\/2024\/07\/Render-HTS1000-ISO-300x300.png 300w, https:\/\/heinz.gmbh\/wp-content\/uploads\/2024\/07\/Render-HTS1000-ISO-150x150.png 150w, https:\/\/heinz.gmbh\/wp-content\/uploads\/2024\/07\/Render-HTS1000-ISO-768x768.png 768w, https:\/\/heinz.gmbh\/wp-content\/uploads\/2024\/07\/Render-HTS1000-ISO-200x200.png 200w\" sizes=\"auto, (max-width: 1000px) 100vw, 1000px\" \/><\/figure>\n\n\n\n<p class=\"has-text-align-center has-medium-font-size\"><strong>HTS<\/strong><\/p>\n<\/div>\n\n\n\n<div class=\"wp-block-column is-layout-flow wp-block-column-is-layout-flow\">\n<figure class=\"wp-block-image size-full is-style-rounded is-style-rounded--4\"><img loading=\"lazy\" decoding=\"async\" width=\"1000\" height=\"1000\" src=\"https:\/\/heinz.gmbh\/wp-content\/uploads\/2024\/06\/HEINZ-Trommel-EBS-1000px.png\" alt=\"Einbausatz Trommel-Rundtisch\" class=\"wp-image-275\" style=\"aspect-ratio:1;object-fit:cover\" srcset=\"https:\/\/heinz.gmbh\/wp-content\/uploads\/2024\/06\/HEINZ-Trommel-EBS-1000px.png 1000w, https:\/\/heinz.gmbh\/wp-content\/uploads\/2024\/06\/HEINZ-Trommel-EBS-1000px-300x300.png 300w, https:\/\/heinz.gmbh\/wp-content\/uploads\/2024\/06\/HEINZ-Trommel-EBS-1000px-150x150.png 150w, https:\/\/heinz.gmbh\/wp-content\/uploads\/2024\/06\/HEINZ-Trommel-EBS-1000px-768x768.png 768w\" sizes=\"auto, (max-width: 1000px) 100vw, 1000px\" \/><\/figure>\n\n\n\n<p class=\"has-text-align-center has-medium-font-size\"><strong>Mechanism<\/strong><\/p>\n<\/div>\n<\/div>\n\n\n\n<div style=\"height:15px\" aria-hidden=\"true\" class=\"wp-block-spacer\"><\/div>\n\n\n\n<p>Due to its geometric design, larger switching angles can be implemented ideally. This type of indexer is therefore often used in intermittent or start-stop operation. A smooth and vibration-free movement sequence is ensured by the rigid housing and the stable bearing of the output shaft.<\/p>\n\n\n\n<div style=\"height:40px\" aria-hidden=\"true\" class=\"wp-block-spacer\"><\/div>\n\n\n\n<div class=\"wp-block-group has-global-padding is-content-justification-left is-layout-constrained wp-container-core-group-is-layout-a98b9048 wp-block-group-is-layout-constrained\" style=\"margin-top:0;margin-bottom:0;padding-top:0;padding-right:0;padding-bottom:0;padding-left:0\">\n<h3 class=\"wp-block-heading\">PDF-Dimension sheet<\/h3>\n\n\n\n<hr class=\"wp-block-separator has-text-color has-contrast-2-color has-alpha-channel-opacity has-contrast-2-background-color has-background is-style-wide\" style=\"margin-top:var(--wp--preset--spacing--10);margin-bottom:var(--wp--preset--spacing--10)\"\/>\n<\/div>\n\n\n\n<div class=\"wp-block-columns is-layout-flex wp-container-core-columns-is-layout-28f84493 wp-block-columns-is-layout-flex\">\n<div class=\"wp-block-column is-layout-flow wp-block-column-is-layout-flow\">\n<figure class=\"wp-block-table is-style-stripes\"><table class=\"has-fixed-layout\"><thead><tr><th class=\"has-text-align-center\" data-align=\"center\">HTT<\/th><\/tr><\/thead><tbody><tr><td class=\"has-text-align-center\" data-align=\"center\"><a href=\"https:\/\/heinz.gmbh\/wp-content\/uploads\/2024\/07\/HTT45.pdf\" target=\"_blank\" rel=\"noreferrer noopener\">HTT45 PDF<\/a><\/td><\/tr><tr><td class=\"has-text-align-center\" data-align=\"center\"><a href=\"https:\/\/heinz.gmbh\/wp-content\/uploads\/2024\/07\/HTT50.pdf\" target=\"_blank\" rel=\"noreferrer noopener\">HTT50 PDF<\/a><\/td><\/tr><tr><td class=\"has-text-align-center\" data-align=\"center\"><a href=\"https:\/\/heinz.gmbh\/wp-content\/uploads\/2024\/07\/HTT80.pdf\" target=\"_blank\" rel=\"noreferrer noopener\">HTT80 PDF<\/a><\/td><\/tr><tr><td class=\"has-text-align-center\" data-align=\"center\"><a href=\"https:\/\/heinz.gmbh\/wp-content\/uploads\/2024\/07\/HTT100.pdf\" target=\"_blank\" rel=\"noreferrer noopener\">HTT100 PDF<\/a><\/td><\/tr><tr><td class=\"has-text-align-center\" data-align=\"center\"><a href=\"https:\/\/heinz.gmbh\/wp-content\/uploads\/2024\/07\/HTT300.pdf\" target=\"_blank\" rel=\"noreferrer noopener\">HTT300 PDF<\/a><\/td><\/tr><tr><td class=\"has-text-align-center\" data-align=\"center\"><a href=\"https:\/\/heinz.gmbh\/wp-content\/uploads\/2024\/07\/HTS1000.pdf\" target=\"_blank\" rel=\"noreferrer noopener\">HTS1000 PDF<\/a><\/td><\/tr><\/tbody><\/table><\/figure>\n\n\n\n<div style=\"height:40px\" aria-hidden=\"true\" class=\"wp-block-spacer\"><\/div>\n<\/div>\n\n\n\n<div class=\"wp-block-column is-layout-flow wp-block-column-is-layout-flow\" style=\"flex-basis:33%\">\n<figure class=\"wp-block-table is-style-stripes\"><table class=\"has-fixed-layout\"><thead><tr><th class=\"has-text-align-center\" data-align=\"center\">Example<\/th><\/tr><\/thead><\/table><\/figure>\n\n\n\n<figure class=\"wp-block-image size-full\"><img loading=\"lazy\" decoding=\"async\" width=\"443\" height=\"626\" src=\"https:\/\/heinz.gmbh\/wp-content\/uploads\/2024\/07\/HTT-Cover.jpg\" alt=\"HTT-Trommel-Kurvengetriebe-cover\" class=\"wp-image-787\" srcset=\"https:\/\/heinz.gmbh\/wp-content\/uploads\/2024\/07\/HTT-Cover.jpg 443w, https:\/\/heinz.gmbh\/wp-content\/uploads\/2024\/07\/HTT-Cover-212x300.jpg 212w\" sizes=\"auto, (max-width: 443px) 100vw, 443px\" \/><\/figure>\n\n\n\n<div style=\"height:40px\" aria-hidden=\"true\" class=\"wp-block-spacer\"><\/div>\n<\/div>\n<\/div>\n\n\n\n<div class=\"wp-block-columns is-layout-flex wp-container-core-columns-is-layout-28f84493 wp-block-columns-is-layout-flex\">\n<div class=\"wp-block-column is-layout-flow wp-block-column-is-layout-flow\">\n<div class=\"wp-block-group has-global-padding is-content-justification-left is-layout-constrained wp-container-core-group-is-layout-a98b9048 wp-block-group-is-layout-constrained\" style=\"margin-top:0;margin-bottom:0;padding-top:0;padding-right:0;padding-bottom:0;padding-left:0\">\n<h3 class=\"wp-block-heading\">Explosion protection<\/h3>\n\n\n\n<hr class=\"wp-block-separator has-text-color has-contrast-2-color has-alpha-channel-opacity has-contrast-2-background-color has-background is-style-wide\" style=\"margin-top:var(--wp--preset--spacing--10);margin-bottom:var(--wp--preset--spacing--10)\"\/>\n<\/div>\n\n\n\n<p>If required, our indexers can be supplied in explosion-proof versions.<br>We can confirm the following explosion protection:<br><strong>II 3GD Ex h IIC T5 Gc \/ Ex h IIIC T100\u00b0C Dc<\/strong><br>Zone 2 - gases<br>zone 22 - dusts<\/p>\n\n\n\n<div style=\"height:10px\" aria-hidden=\"true\" class=\"wp-block-spacer\"><\/div>\n\n\n\n<div class=\"wp-block-group has-global-padding is-content-justification-left is-layout-constrained wp-container-core-group-is-layout-a98b9048 wp-block-group-is-layout-constrained\" style=\"margin-top:0;margin-bottom:0;padding-top:0;padding-right:0;padding-bottom:0;padding-left:0\">\n<h3 class=\"wp-block-heading\">HEINZ plus \/ HEINZ flex<\/h3>\n\n\n\n<hr class=\"wp-block-separator has-text-color has-contrast-2-color has-alpha-channel-opacity has-contrast-2-background-color has-background is-style-wide\" style=\"margin-top:var(--wp--preset--spacing--10);margin-bottom:var(--wp--preset--spacing--10)\"\/>\n\n\n\n<p>Increase performance or increase flexibility and achieve the optimal adaptation of our indexer to your application.<br><a href=\"https:\/\/heinz.gmbh\/en\/heinz-plus-flex\/\" data-type=\"page\" data-id=\"827\">Here you can find more information<\/a><\/p>\n<\/div>\n<\/div>\n\n\n\n<div class=\"wp-block-column is-layout-flow wp-block-column-is-layout-flow\">\n<div class=\"wp-block-group has-global-padding is-content-justification-left is-layout-constrained wp-container-core-group-is-layout-a98b9048 wp-block-group-is-layout-constrained\" style=\"margin-top:0;margin-bottom:0;padding-top:0;padding-right:0;padding-bottom:0;padding-left:0\">\n<h3 class=\"wp-block-heading\">Application possibilities<\/h3>\n\n\n\n<hr class=\"wp-block-separator has-text-color has-contrast-2-color has-alpha-channel-opacity has-contrast-2-background-color has-background is-style-wide\" style=\"margin-top:var(--wp--preset--spacing--10);margin-bottom:var(--wp--preset--spacing--10)\"\/>\n<\/div>\n\n\n\n<div class=\"wp-block-columns is-layout-flex wp-container-core-columns-is-layout-28f84493 wp-block-columns-is-layout-flex\">\n<div class=\"wp-block-column is-layout-flow wp-block-column-is-layout-flow\">\n<ul class=\"wp-block-list\">\n<li>Packaging machines<\/li>\n\n\n\n<li>Bottling<\/li>\n\n\n\n<li>Sorting<\/li>\n<\/ul>\n<\/div>\n\n\n\n<div class=\"wp-block-column is-layout-flow wp-block-column-is-layout-flow\">\n<ul class=\"wp-block-list\">\n<li>Assembly machines<\/li>\n\n\n\n<li>Printing machines<\/li>\n\n\n\n<li>Welding machines<\/li>\n<\/ul>\n<\/div>\n<\/div>\n\n\n\n<div class=\"ytdivright\"><iframe id=\"ytplayer\" type=\"text\/html\" width=\"580\" height=\"330\" \nsrc=\"https:\/\/www.youtube.com\/embed\/-47XfFNUJ9s?autoplay=1&#038;controls=0&#038;loop=1&#038;playlist=-47XfFNUJ9s\"\nframeborder=\"0\" allowfullscreen><\/iframe><\/div>\n\n\n\n<div style=\"height:40px\" aria-hidden=\"true\" class=\"wp-block-spacer\"><\/div>\n<\/div>\n<\/div>\n\n\n\n<div class=\"wp-block-columns is-layout-flex wp-container-core-columns-is-layout-28f84493 wp-block-columns-is-layout-flex\">\n<div class=\"wp-block-column is-layout-flow wp-block-column-is-layout-flow\">\n<div class=\"wp-block-group has-global-padding is-content-justification-left is-layout-constrained wp-container-core-group-is-layout-a98b9048 wp-block-group-is-layout-constrained\" style=\"margin-top:0;margin-bottom:0;padding-top:0;padding-right:0;padding-bottom:0;padding-left:0\">\n<h3 class=\"wp-block-heading\">Mechanism<\/h3>\n\n\n\n<hr class=\"wp-block-separator has-text-color has-contrast-2-color has-alpha-channel-opacity has-contrast-2-background-color has-background is-style-wide\" style=\"margin-top:var(--wp--preset--spacing--10);margin-bottom:var(--wp--preset--spacing--10)\"\/>\n<\/div>\n\n\n\n<p>Our mechanisms are the central mechanical element of our cam gears and ensure identical functionality. The mechanism is characterized by extreme flexibility in production and can be individually adapted to specific requirements. Adjustments such as individual center distances, bearings and structural design features are possible. Our mechanisms can be optimally integrated into your machines, even in confined spaces or complex arrangements of different components.<\/p>\n\n\n\n<p>Please let us know your specific requirements and the space available in your machine. We will work closely with you to develop a tailor-made mechanism. We will discuss all relevant properties, such as the optimal bearing and lubrication of the mechanism, which play a crucial role in its performance and longevity. This way we ensure that the mechanism is perfectly tailored to your needs and can be efficiently integrated into your machine.<\/p>\n\n\n\n<div style=\"height:40px\" aria-hidden=\"true\" class=\"wp-block-spacer\"><\/div>\n<\/div>\n\n\n\n<div class=\"wp-block-column is-layout-flow wp-block-column-is-layout-flow\">\n<div class=\"wp-block-group has-global-padding is-content-justification-left is-layout-constrained wp-container-core-group-is-layout-a98b9048 wp-block-group-is-layout-constrained\" style=\"margin-top:0;margin-bottom:0;padding-top:0;padding-right:0;padding-bottom:0;padding-left:0\">\n<h3 class=\"wp-block-heading\">Pendulum gear<\/h3>\n\n\n\n<hr class=\"wp-block-separator has-text-color has-contrast-2-color has-alpha-channel-opacity has-contrast-2-background-color has-background is-style-wide\" style=\"margin-top:var(--wp--preset--spacing--10);margin-bottom:var(--wp--preset--spacing--10)\"\/>\n<\/div>\n\n\n\n<p>Our cylindrical index tables of the HTT series can also be supplied as pendulum gears. When the drive shaft rotates continuously, the output shaft performs a pendulum movement. For pendulum tasks, however, we recommend using our globoid cam gears of the HSG and HTSG series, as these are better suited to short switching angles. We would be happy to help you design the required pendulum movement for your application.<\/p>\n\n\n\n<p><a href=\"https:\/\/heinz.gmbh\/en\/kurvengetriebe-globoid-hsg\/\" data-type=\"page\" data-id=\"174\">To the HSG \/ HTSG series<\/a><\/p>\n\n\n\n<div style=\"height:40px\" aria-hidden=\"true\" class=\"wp-block-spacer\"><\/div>\n<\/div>\n<\/div>","protected":false},"excerpt":{"rendered":"<p>Trommel-Rundtische &#8211; HTT Steifes und schwingungsfreies Positionieren Unser Trommel-Rundtisch des Typs HTT zeichnet sich durch einen gro\u00dfen Kurvenrollenradius und einen gro\u00dfen Kurvendurchmesser aus, wodurch er bei hoher Positioniergenauigkeit ein hohes Massentr\u00e4gheitsmoment aufnehmen und vibrationsfrei bewegen kann. HTT HTS EBS &#8211; Mechanismus Aufgrund seines geometrischen Aufbaus sind gr\u00f6\u00dfere Schaltwinkel ideal umzusetzen. Daher wird dieser Getriebetyp h\u00e4ufig [&hellip;]<\/p>","protected":false},"author":1,"featured_media":0,"parent":0,"menu_order":0,"comment_status":"closed","ping_status":"closed","template":"page-wide","meta":{"footnotes":""},"class_list":["post-274","page","type-page","status-publish","hentry"],"_links":{"self":[{"href":"https:\/\/heinz.gmbh\/en\/wp-json\/wp\/v2\/pages\/274","targetHints":{"allow":["GET"]}}],"collection":[{"href":"https:\/\/heinz.gmbh\/en\/wp-json\/wp\/v2\/pages"}],"about":[{"href":"https:\/\/heinz.gmbh\/en\/wp-json\/wp\/v2\/types\/page"}],"author":[{"embeddable":true,"href":"https:\/\/heinz.gmbh\/en\/wp-json\/wp\/v2\/users\/1"}],"replies":[{"embeddable":true,"href":"https:\/\/heinz.gmbh\/en\/wp-json\/wp\/v2\/comments?post=274"}],"version-history":[{"count":14,"href":"https:\/\/heinz.gmbh\/en\/wp-json\/wp\/v2\/pages\/274\/revisions"}],"predecessor-version":[{"id":1143,"href":"https:\/\/heinz.gmbh\/en\/wp-json\/wp\/v2\/pages\/274\/revisions\/1143"}],"wp:attachment":[{"href":"https:\/\/heinz.gmbh\/en\/wp-json\/wp\/v2\/media?parent=274"}],"curies":[{"name":"wp","href":"https:\/\/api.w.org\/{rel}","templated":true}]}}