{"id":268,"date":"2024-06-24T14:41:22","date_gmt":"2024-06-24T12:41:22","guid":{"rendered":"http:\/\/xyz123.heinz.gmbh\/?page_id=268"},"modified":"2025-07-29T15:31:52","modified_gmt":"2025-07-29T13:31:52","slug":"rundtische-globoid-ht","status":"publish","type":"page","link":"https:\/\/heinz.gmbh\/en\/rundtische-globoid-ht\/","title":{"rendered":"Rundtische-Globoid-H(T)"},"content":{"rendered":"<div class=\"wp-block-group has-global-padding is-content-justification-left is-layout-constrained wp-container-core-group-is-layout-a98b9048 wp-block-group-is-layout-constrained\" style=\"margin-top:0;margin-bottom:0;padding-top:0;padding-right:0;padding-bottom:0;padding-left:0\">\n<h2 class=\"wp-block-heading\">Globoidal index table H \/ HT \/ SX<\/h2>\n\n\n\n<p>Large moments of inertia at high speeds<\/p>\n\n\n\n<hr class=\"wp-block-separator has-text-color has-contrast-2-color has-alpha-channel-opacity has-contrast-2-background-color has-background is-style-wide\" style=\"margin-top:var(--wp--preset--spacing--10);margin-bottom:var(--wp--preset--spacing--10)\"\/>\n<\/div>\n\n\n\n<p>Our <strong>Globoidal index table<\/strong> of the series <strong>H<\/strong>, <strong>HT <\/strong>and <strong>SX <\/strong>is ideal for large mass moments of inertia and high speeds. Thanks to the ability to achieve relatively small switching angles, they are often mechanically linked to other movements and used in continuous operation. This forced control enables very precise overlaps of several movements, which can lead to considerable time savings.<\/p>\n\n\n\n<div class=\"wp-block-columns alignwide is-layout-flex wp-container-core-columns-is-layout-a9757c1b wp-block-columns-is-layout-flex\" style=\"padding-right:0;padding-left:0\">\n<div class=\"wp-block-column is-layout-flow wp-block-column-is-layout-flow\">\n<figure class=\"wp-block-image size-full is-style-rounded is-style-rounded--2\"><img loading=\"lazy\" decoding=\"async\" width=\"1000\" height=\"1000\" src=\"https:\/\/heinz.gmbh\/wp-content\/uploads\/2024\/05\/H1300.png\" alt=\"\" class=\"wp-image-165\" style=\"aspect-ratio:1;object-fit:cover\" srcset=\"https:\/\/heinz.gmbh\/wp-content\/uploads\/2024\/05\/H1300.png 1000w, https:\/\/heinz.gmbh\/wp-content\/uploads\/2024\/05\/H1300-300x300.png 300w, https:\/\/heinz.gmbh\/wp-content\/uploads\/2024\/05\/H1300-150x150.png 150w, https:\/\/heinz.gmbh\/wp-content\/uploads\/2024\/05\/H1300-768x768.png 768w, https:\/\/heinz.gmbh\/wp-content\/uploads\/2024\/05\/H1300-200x200.png 200w\" sizes=\"auto, (max-width: 1000px) 100vw, 1000px\" \/><\/figure>\n\n\n\n<p class=\"has-text-align-center has-medium-font-size\"><strong>H - Cross roller bearing<\/strong><\/p>\n<\/div>\n\n\n\n<div class=\"wp-block-column is-layout-flow wp-block-column-is-layout-flow\">\n<figure class=\"wp-block-image size-full is-style-rounded is-style-rounded--3\"><img loading=\"lazy\" decoding=\"async\" width=\"1500\" height=\"1500\" src=\"https:\/\/heinz.gmbh\/wp-content\/uploads\/2024\/05\/HNZ-10733_1500px.png\" alt=\"HT Globoid-Rundtisch\" class=\"wp-image-122\" style=\"aspect-ratio:1;object-fit:contain\" srcset=\"https:\/\/heinz.gmbh\/wp-content\/uploads\/2024\/05\/HNZ-10733_1500px.png 1500w, https:\/\/heinz.gmbh\/wp-content\/uploads\/2024\/05\/HNZ-10733_1500px-300x300.png 300w, https:\/\/heinz.gmbh\/wp-content\/uploads\/2024\/05\/HNZ-10733_1500px-1024x1024.png 1024w, https:\/\/heinz.gmbh\/wp-content\/uploads\/2024\/05\/HNZ-10733_1500px-150x150.png 150w, https:\/\/heinz.gmbh\/wp-content\/uploads\/2024\/05\/HNZ-10733_1500px-768x768.png 768w\" sizes=\"auto, (max-width: 1500px) 100vw, 1500px\" \/><\/figure>\n\n\n\n<p class=\"has-text-align-center has-medium-font-size\"><strong>HT - Taper roller bearing<\/strong><\/p>\n<\/div>\n\n\n\n<div class=\"wp-block-column is-layout-flow wp-block-column-is-layout-flow\">\n<figure class=\"wp-block-image size-full is-style-rounded is-style-rounded--4\"><img loading=\"lazy\" decoding=\"async\" width=\"1000\" height=\"1000\" src=\"https:\/\/heinz.gmbh\/wp-content\/uploads\/2024\/05\/HEINZ-Globoid-EBS-1000px.png\" alt=\"Einbausatz eines Globoid Kurvengetriebes\" class=\"wp-image-208\" style=\"aspect-ratio:1;object-fit:cover\" srcset=\"https:\/\/heinz.gmbh\/wp-content\/uploads\/2024\/05\/HEINZ-Globoid-EBS-1000px.png 1000w, https:\/\/heinz.gmbh\/wp-content\/uploads\/2024\/05\/HEINZ-Globoid-EBS-1000px-300x300.png 300w, https:\/\/heinz.gmbh\/wp-content\/uploads\/2024\/05\/HEINZ-Globoid-EBS-1000px-150x150.png 150w, https:\/\/heinz.gmbh\/wp-content\/uploads\/2024\/05\/HEINZ-Globoid-EBS-1000px-768x768.png 768w\" sizes=\"auto, (max-width: 1000px) 100vw, 1000px\" \/><\/figure>\n\n\n\n<p class=\"has-text-align-center has-medium-font-size\"><strong>Mechanism<\/strong><\/p>\n<\/div>\n<\/div>\n\n\n\n<div style=\"height:15px\" aria-hidden=\"true\" class=\"wp-block-spacer\"><\/div>\n\n\n\n<p>With identical center distances as the globoid cam gears of the HSG and HTSG series, our globoid rotary tables have a larger roller star radius. This geometric difference ensures greater positioning accuracy. The stable bearing of the output shaft and the globoid cam ensure maximum precision and reliability.<\/p>\n\n\n\n<div style=\"height:40px\" aria-hidden=\"true\" class=\"wp-block-spacer\"><\/div>\n\n\n\n<div class=\"wp-block-group has-global-padding is-content-justification-left is-layout-constrained wp-container-core-group-is-layout-a98b9048 wp-block-group-is-layout-constrained\" style=\"margin-top:0;margin-bottom:0;padding-top:0;padding-right:0;padding-bottom:0;padding-left:0\">\n<h3 class=\"wp-block-heading\">PDF-Dimension sheet<\/h3>\n\n\n\n<hr class=\"wp-block-separator has-text-color has-contrast-2-color has-alpha-channel-opacity has-contrast-2-background-color has-background is-style-wide\" style=\"margin-top:var(--wp--preset--spacing--10);margin-bottom:var(--wp--preset--spacing--10)\"\/>\n<\/div>\n\n\n\n<div class=\"wp-block-columns is-layout-flex wp-container-core-columns-is-layout-28f84493 wp-block-columns-is-layout-flex\">\n<div class=\"wp-block-column is-layout-flow wp-block-column-is-layout-flow\">\n<figure class=\"wp-block-table is-style-stripes\"><table class=\"has-fixed-layout\"><thead><tr><th class=\"has-text-align-center\" data-align=\"center\">H<\/th><th class=\"has-text-align-center\" data-align=\"center\">HT<\/th><\/tr><\/thead><tbody><tr><td class=\"has-text-align-center\" data-align=\"center\"><a href=\"https:\/\/heinz.gmbh\/wp-content\/uploads\/2024\/07\/H700.pdf\" target=\"_blank\" rel=\"noreferrer noopener\">H700 PDF<\/a><\/td><td class=\"has-text-align-center\" data-align=\"center\"><a href=\"https:\/\/heinz.gmbh\/wp-content\/uploads\/2024\/07\/HT600.pdf\" target=\"_blank\" rel=\"noreferrer noopener\">HT600 PDF<\/a><\/td><\/tr><tr><td class=\"has-text-align-center\" data-align=\"center\"><a href=\"https:\/\/heinz.gmbh\/wp-content\/uploads\/2024\/07\/H1200.pdf\" target=\"_blank\" rel=\"noreferrer noopener\">H1200 PDF<\/a><\/td><td class=\"has-text-align-center\" data-align=\"center\"><a href=\"https:\/\/heinz.gmbh\/wp-content\/uploads\/2024\/07\/HT1500.pdf\" target=\"_blank\" rel=\"noreferrer noopener\">HT1500 PDF<\/a><\/td><\/tr><tr><td class=\"has-text-align-center\" data-align=\"center\"><a href=\"https:\/\/heinz.gmbh\/wp-content\/uploads\/2024\/07\/H1300.pdf\" target=\"_blank\" rel=\"noreferrer noopener\">H1300 PDF<\/a><\/td><td class=\"has-text-align-center\" data-align=\"center\">HT1900 on request<\/td><\/tr><tr><td class=\"has-text-align-center\" data-align=\"center\"><a href=\"https:\/\/heinz.gmbh\/wp-content\/uploads\/2024\/07\/H1600.pdf\" target=\"_blank\" rel=\"noreferrer noopener\">H1600 PDF<\/a><\/td><td class=\"has-text-align-center\" data-align=\"center\"><a href=\"https:\/\/heinz.gmbh\/wp-content\/uploads\/2024\/07\/HT2400.pdf\" target=\"_blank\" rel=\"noreferrer noopener\">HT2400 PDF<\/a><\/td><\/tr><tr><td class=\"has-text-align-center\" data-align=\"center\"><a href=\"https:\/\/heinz.gmbh\/wp-content\/uploads\/2024\/07\/H2000.pdf\" target=\"_blank\" rel=\"noreferrer noopener\">H2000 PDF<\/a><\/td><td class=\"has-text-align-center\" data-align=\"center\"><a href=\"https:\/\/heinz.gmbh\/wp-content\/uploads\/2024\/07\/HT2500.pdf\" target=\"_blank\" rel=\"noreferrer noopener\">HT2500 PDF<\/a><\/td><\/tr><tr><td class=\"has-text-align-center\" data-align=\"center\"><a href=\"https:\/\/heinz.gmbh\/wp-content\/uploads\/2024\/07\/H3500.pdf\" target=\"_blank\" rel=\"noreferrer noopener\">H3500 PDF<\/a><\/td><td class=\"has-text-align-center\" data-align=\"center\"><a href=\"https:\/\/heinz.gmbh\/wp-content\/uploads\/2024\/07\/HT3000.pdf\" target=\"_blank\" rel=\"noreferrer noopener\">HT3000 PDF<\/a><\/td><\/tr><tr><td class=\"has-text-align-center\" data-align=\"center\"><a href=\"https:\/\/heinz.gmbh\/wp-content\/uploads\/2024\/07\/H4000.pdf\" target=\"_blank\" rel=\"noreferrer noopener\">H4000 PDF<\/a><\/td><td class=\"has-text-align-center\" data-align=\"center\">&#8211;<\/td><\/tr><\/tbody><\/table><\/figure>\n\n\n\n<figure class=\"wp-block-table is-style-stripes\"><table class=\"has-fixed-layout\"><thead><tr><th class=\"has-text-align-center\" data-align=\"center\">SX<\/th><\/tr><\/thead><tbody><tr><td class=\"has-text-align-center\" data-align=\"center\"><a href=\"https:\/\/heinz.gmbh\/wp-content\/uploads\/2024\/07\/SX40.pdf\" target=\"_blank\" rel=\"noreferrer noopener\">SX40 PDF<\/a><\/td><\/tr><tr><td class=\"has-text-align-center\" data-align=\"center\"><a href=\"https:\/\/heinz.gmbh\/wp-content\/uploads\/2024\/07\/SX60.pdf\" target=\"_blank\" rel=\"noreferrer noopener\">SX60 PDF<\/a><\/td><\/tr><tr><td class=\"has-text-align-center\" data-align=\"center\"><a href=\"https:\/\/heinz.gmbh\/wp-content\/uploads\/2024\/07\/SX95.pdf\" target=\"_blank\" rel=\"noreferrer noopener\">SX95 PDF<\/a><\/td><\/tr><tr><td class=\"has-text-align-center\" data-align=\"center\">SX140 on request<\/td><\/tr><\/tbody><\/table><\/figure>\n\n\n\n<div style=\"height:40px\" aria-hidden=\"true\" class=\"wp-block-spacer\"><\/div>\n<\/div>\n\n\n\n<div class=\"wp-block-column is-layout-flow wp-block-column-is-layout-flow\" style=\"flex-basis:33%\">\n<figure class=\"wp-block-table is-style-stripes\"><table class=\"has-fixed-layout\"><thead><tr><th class=\"has-text-align-center\" data-align=\"center\">Example<\/th><\/tr><\/thead><\/table><\/figure>\n\n\n\n<figure class=\"wp-block-image size-full\"><img loading=\"lazy\" decoding=\"async\" width=\"442\" height=\"627\" src=\"https:\/\/heinz.gmbh\/wp-content\/uploads\/2024\/07\/H-Cover.jpg\" alt=\"H-Globoid-Rundtisch-Cover\" class=\"wp-image-777\" srcset=\"https:\/\/heinz.gmbh\/wp-content\/uploads\/2024\/07\/H-Cover.jpg 442w, https:\/\/heinz.gmbh\/wp-content\/uploads\/2024\/07\/H-Cover-211x300.jpg 211w\" sizes=\"auto, (max-width: 442px) 100vw, 442px\" \/><\/figure>\n\n\n\n<div style=\"height:40px\" aria-hidden=\"true\" class=\"wp-block-spacer\"><\/div>\n<\/div>\n<\/div>\n\n\n\n<div class=\"wp-block-columns is-layout-flex wp-container-core-columns-is-layout-28f84493 wp-block-columns-is-layout-flex\">\n<div class=\"wp-block-column is-layout-flow wp-block-column-is-layout-flow\">\n<div class=\"wp-block-group has-global-padding is-content-justification-left is-layout-constrained wp-container-core-group-is-layout-a98b9048 wp-block-group-is-layout-constrained\" style=\"margin-top:0;margin-bottom:0;padding-top:0;padding-right:0;padding-bottom:0;padding-left:0\">\n<h3 class=\"wp-block-heading\">Explosion protection<\/h3>\n\n\n\n<hr class=\"wp-block-separator has-text-color has-contrast-2-color has-alpha-channel-opacity has-contrast-2-background-color has-background is-style-wide\" style=\"margin-top:var(--wp--preset--spacing--10);margin-bottom:var(--wp--preset--spacing--10)\"\/>\n<\/div>\n\n\n\n<p>If required, our indexers can be supplied in explosion-proof versions.<br>We can confirm the following explosion protection:<br><strong>II 3GD Ex h IIC T5 Gc \/ Ex h IIIC T100\u00b0C Dc<\/strong><br>Zone 2 - gases<br>zone 22 - dusts<\/p>\n\n\n\n<div style=\"height:10px\" aria-hidden=\"true\" class=\"wp-block-spacer\"><\/div>\n\n\n\n<div class=\"wp-block-group has-global-padding is-content-justification-left is-layout-constrained wp-container-core-group-is-layout-a98b9048 wp-block-group-is-layout-constrained\" style=\"margin-top:0;margin-bottom:0;padding-top:0;padding-right:0;padding-bottom:0;padding-left:0\">\n<h3 class=\"wp-block-heading\">HEINZ plus \/ HEINZ flex<\/h3>\n\n\n\n<hr class=\"wp-block-separator has-text-color has-contrast-2-color has-alpha-channel-opacity has-contrast-2-background-color has-background is-style-wide\" style=\"margin-top:var(--wp--preset--spacing--10);margin-bottom:var(--wp--preset--spacing--10)\"\/>\n\n\n\n<p>Increase performance or increase flexibility and achieve the optimal adaptation of our indexer to your application.<br><a href=\"https:\/\/heinz.gmbh\/en\/heinz-plus-flex\/\" data-type=\"page\" data-id=\"827\">Here you can find more information<\/a><\/p>\n<\/div>\n<\/div>\n\n\n\n<div class=\"wp-block-column is-layout-flow wp-block-column-is-layout-flow\">\n<div class=\"wp-block-group has-global-padding is-content-justification-left is-layout-constrained wp-container-core-group-is-layout-a98b9048 wp-block-group-is-layout-constrained\" style=\"margin-top:0;margin-bottom:0;padding-top:0;padding-right:0;padding-bottom:0;padding-left:0\">\n<h3 class=\"wp-block-heading\">Application possibilities<\/h3>\n\n\n\n<hr class=\"wp-block-separator has-text-color has-contrast-2-color has-alpha-channel-opacity has-contrast-2-background-color has-background is-style-wide\" style=\"margin-top:var(--wp--preset--spacing--10);margin-bottom:var(--wp--preset--spacing--10)\"\/>\n<\/div>\n\n\n\n<div class=\"wp-block-columns is-layout-flex wp-container-core-columns-is-layout-28f84493 wp-block-columns-is-layout-flex\">\n<div class=\"wp-block-column is-layout-flow wp-block-column-is-layout-flow\">\n<ul class=\"wp-block-list\">\n<li>Packaging machines<\/li>\n\n\n\n<li>Bottling<\/li>\n\n\n\n<li>Sorting<\/li>\n<\/ul>\n<\/div>\n\n\n\n<div class=\"wp-block-column is-layout-flow wp-block-column-is-layout-flow\">\n<ul class=\"wp-block-list\">\n<li>Assembly machines<\/li>\n\n\n\n<li>Printing machines<\/li>\n\n\n\n<li>Welding machines<\/li>\n<\/ul>\n<\/div>\n<\/div>\n\n\n\n<div class=\"ytdivright\"><iframe id=\"ytplayer\" type=\"text\/html\" width=\"580\" height=\"330\" \nsrc=\"https:\/\/www.youtube.com\/embed\/48eJhnB163w?autoplay=1&#038;controls=0&#038;loop=1&#038;playlist=48eJhnB163w\"\nframeborder=\"0\" allowfullscreen><\/iframe><\/div>\n\n\n\n<div style=\"height:40px\" aria-hidden=\"true\" class=\"wp-block-spacer\"><\/div>\n<\/div>\n<\/div>\n\n\n\n<div class=\"wp-block-columns is-layout-flex wp-container-core-columns-is-layout-28f84493 wp-block-columns-is-layout-flex\">\n<div class=\"wp-block-column is-layout-flow wp-block-column-is-layout-flow\">\n<div class=\"wp-block-group has-global-padding is-content-justification-left is-layout-constrained wp-container-core-group-is-layout-a98b9048 wp-block-group-is-layout-constrained\" style=\"margin-top:0;margin-bottom:0;padding-top:0;padding-right:0;padding-bottom:0;padding-left:0\">\n<h3 class=\"wp-block-heading\">Mechanism<\/h3>\n\n\n\n<hr class=\"wp-block-separator has-text-color has-contrast-2-color has-alpha-channel-opacity has-contrast-2-background-color has-background is-style-wide\" style=\"margin-top:var(--wp--preset--spacing--10);margin-bottom:var(--wp--preset--spacing--10)\"\/>\n<\/div>\n\n\n\n<p>Our mechanisms are the central mechanical element of our cam gears and ensure identical functionality. The mechanism is characterized by extreme flexibility in production and can be individually adapted to specific requirements. Adjustments such as individual center distances, bearings and structural design features are possible. Our mechanisms can be optimally integrated into your machines, even in confined spaces or complex arrangements of different components.<\/p>\n\n\n\n<div class=\"ytdivleft\"><iframe id=\"ytplayer\" type=\"text\/html\" width=\"580\" height=\"330\" \nsrc=\"https:\/\/www.youtube.com\/embed\/LCNYww07MqY?autoplay=1&#038;controls=0&#038;loop=1&#038;playlist=LCNYww07MqY\"\nframeborder=\"0\" allowfullscreen><\/iframe><\/div>\n\n\n\n<p>Please let us know your specific requirements and the space available in your machine. We will work closely with you to develop a tailor-made mechanism. We will discuss all relevant properties, such as the optimal bearing and lubrication of the mechanism, which play a crucial role in its performance and longevity. This way we ensure that the mechanism is perfectly tailored to your needs and can be efficiently integrated into your machine.<\/p>\n\n\n\n<div style=\"height:40px\" aria-hidden=\"true\" class=\"wp-block-spacer\"><\/div>\n<\/div>\n\n\n\n<div class=\"wp-block-column is-layout-flow wp-block-column-is-layout-flow\">\n<div class=\"wp-block-group has-global-padding is-content-justification-left is-layout-constrained wp-container-core-group-is-layout-a98b9048 wp-block-group-is-layout-constrained\" style=\"margin-top:0;margin-bottom:0;padding-top:0;padding-right:0;padding-bottom:0;padding-left:0\">\n<h3 class=\"wp-block-heading\">Pendulum gear<\/h3>\n\n\n\n<hr class=\"wp-block-separator has-text-color has-contrast-2-color has-alpha-channel-opacity has-contrast-2-background-color has-background is-style-wide\" style=\"margin-top:var(--wp--preset--spacing--10);margin-bottom:var(--wp--preset--spacing--10)\"\/>\n<\/div>\n\n\n\n<p>Our globoidal index tables of the H, HT and SX series can also be supplied as pendulum gears. When the drive shaft rotates continuously, the output shaft performs a pendulum movement. For pendulum tasks, however, we recommend using our globoid cam gears of the HSG and HTSG series, as these are better suited to short switching angles. We would be happy to help you design the required pendulum movement for your application.<\/p>\n\n\n\n<p><a href=\"https:\/\/heinz.gmbh\/en\/kurvengetriebe-globoid-hsg\/\" data-type=\"page\" data-id=\"174\">To the HSG \/ HTSG series<\/a><\/p>\n\n\n\n<div style=\"height:40px\" aria-hidden=\"true\" class=\"wp-block-spacer\"><\/div>\n<\/div>\n<\/div>","protected":false},"excerpt":{"rendered":"<p>Globoid-Rundtische &#8211; H \/ HT \/ SX Gro\u00dfe Massentr\u00e4gheitsmomente bei hohen Drehzahlen Unser Globoid-Rundtisch der Baureihen H, HT und SX ist ideal f\u00fcr gro\u00dfe Massentr\u00e4gheitsmomente und hohe Drehzahlen. Dank der M\u00f6glichkeit, relativ kleine Schaltwinkel zu realisieren, werden sie h\u00e4ufig mechanisch mit anderen Bewegungen verkn\u00fcpft und im kontinuierlichen Betrieb eingesetzt. Diese Zwangssteuerung erm\u00f6glicht sehr pr\u00e4zise \u00dcberschneidungen [&hellip;]<\/p>","protected":false},"author":1,"featured_media":0,"parent":0,"menu_order":0,"comment_status":"closed","ping_status":"closed","template":"page-wide","meta":{"footnotes":""},"class_list":["post-268","page","type-page","status-publish","hentry"],"_links":{"self":[{"href":"https:\/\/heinz.gmbh\/en\/wp-json\/wp\/v2\/pages\/268","targetHints":{"allow":["GET"]}}],"collection":[{"href":"https:\/\/heinz.gmbh\/en\/wp-json\/wp\/v2\/pages"}],"about":[{"href":"https:\/\/heinz.gmbh\/en\/wp-json\/wp\/v2\/types\/page"}],"author":[{"embeddable":true,"href":"https:\/\/heinz.gmbh\/en\/wp-json\/wp\/v2\/users\/1"}],"replies":[{"embeddable":true,"href":"https:\/\/heinz.gmbh\/en\/wp-json\/wp\/v2\/comments?post=268"}],"version-history":[{"count":13,"href":"https:\/\/heinz.gmbh\/en\/wp-json\/wp\/v2\/pages\/268\/revisions"}],"predecessor-version":[{"id":1142,"href":"https:\/\/heinz.gmbh\/en\/wp-json\/wp\/v2\/pages\/268\/revisions\/1142"}],"wp:attachment":[{"href":"https:\/\/heinz.gmbh\/en\/wp-json\/wp\/v2\/media?parent=268"}],"curies":[{"name":"wp","href":"https:\/\/api.w.org\/{rel}","templated":true}]}}