{"id":212,"date":"2024-06-21T15:04:58","date_gmt":"2024-06-21T13:04:58","guid":{"rendered":"http:\/\/xyz123.heinz.gmbh\/?page_id=212"},"modified":"2025-07-29T15:22:34","modified_gmt":"2025-07-29T13:22:34","slug":"kurvengetriebe-parallel-hsp","status":"publish","type":"page","link":"https:\/\/heinz.gmbh\/en\/kurvengetriebe-parallel-hsp\/","title":{"rendered":"Kurvengetriebe-Parallel-HSP"},"content":{"rendered":"<div class=\"wp-block-group has-global-padding is-content-justification-left is-layout-constrained wp-container-core-group-is-layout-a98b9048 wp-block-group-is-layout-constrained\" style=\"margin-top:0;margin-bottom:0;padding-top:0;padding-right:0;padding-bottom:0;padding-left:0\">\n<h2 class=\"wp-block-heading\">Parallel cam gear HSP<\/h2>\n\n\n\n<p>Parallel input and output shafts<\/p>\n\n\n\n<hr class=\"wp-block-separator has-text-color has-contrast-2-color has-alpha-channel-opacity has-contrast-2-background-color has-background is-style-wide\" style=\"margin-top:var(--wp--preset--spacing--10);margin-bottom:var(--wp--preset--spacing--10)\"\/>\n<\/div>\n\n\n\n<p>Our <strong>parallel cam gear <\/strong>of the series <strong>HSP <\/strong>are flat cam gears that are often used as drives for conveyor units due to their long dwell phase and parallel input and output shafts. They are also ideal for swivel units that require extremely fast and precise positioning. In addition, they can also be configured as pendulum gears.<\/p>\n\n\n\n<div class=\"wp-block-columns alignwide is-layout-flex wp-container-core-columns-is-layout-a9757c1b wp-block-columns-is-layout-flex\" style=\"padding-right:0;padding-left:0\">\n<div class=\"wp-block-column is-layout-flow wp-block-column-is-layout-flow\">\n<figure class=\"wp-block-image size-full is-style-rounded is-style-rounded--2\"><img loading=\"lazy\" decoding=\"async\" width=\"1000\" height=\"1000\" src=\"https:\/\/heinz.gmbh\/wp-content\/uploads\/2024\/07\/Render-HSP80Schnitt-ISO.png\" alt=\"Parallel-Kurvengetriebe-Schnitt-HSP\" class=\"wp-image-629\" style=\"aspect-ratio:1;object-fit:contain\" srcset=\"https:\/\/heinz.gmbh\/wp-content\/uploads\/2024\/07\/Render-HSP80Schnitt-ISO.png 1000w, https:\/\/heinz.gmbh\/wp-content\/uploads\/2024\/07\/Render-HSP80Schnitt-ISO-300x300.png 300w, https:\/\/heinz.gmbh\/wp-content\/uploads\/2024\/07\/Render-HSP80Schnitt-ISO-150x150.png 150w, https:\/\/heinz.gmbh\/wp-content\/uploads\/2024\/07\/Render-HSP80Schnitt-ISO-768x768.png 768w, https:\/\/heinz.gmbh\/wp-content\/uploads\/2024\/07\/Render-HSP80Schnitt-ISO-200x200.png 200w\" sizes=\"auto, (max-width: 1000px) 100vw, 1000px\" \/><\/figure>\n\n\n\n<p class=\"has-text-align-center has-medium-font-size\"><strong>Cutted HSP<\/strong><\/p>\n<\/div>\n\n\n\n<div class=\"wp-block-column is-layout-flow wp-block-column-is-layout-flow\">\n<figure class=\"wp-block-image size-full is-style-rounded is-style-rounded--3\"><img loading=\"lazy\" decoding=\"async\" width=\"1000\" height=\"1000\" src=\"https:\/\/heinz.gmbh\/wp-content\/uploads\/2024\/07\/Render-HSP80-ISO.png\" alt=\"Parallel-Kurvengetriebe-HSP\" class=\"wp-image-628\" style=\"aspect-ratio:1;object-fit:cover\" srcset=\"https:\/\/heinz.gmbh\/wp-content\/uploads\/2024\/07\/Render-HSP80-ISO.png 1000w, https:\/\/heinz.gmbh\/wp-content\/uploads\/2024\/07\/Render-HSP80-ISO-300x300.png 300w, https:\/\/heinz.gmbh\/wp-content\/uploads\/2024\/07\/Render-HSP80-ISO-150x150.png 150w, https:\/\/heinz.gmbh\/wp-content\/uploads\/2024\/07\/Render-HSP80-ISO-768x768.png 768w, https:\/\/heinz.gmbh\/wp-content\/uploads\/2024\/07\/Render-HSP80-ISO-200x200.png 200w\" sizes=\"auto, (max-width: 1000px) 100vw, 1000px\" \/><\/figure>\n\n\n\n<p class=\"has-text-align-center has-medium-font-size\"><strong>HSP<\/strong><\/p>\n<\/div>\n\n\n\n<div class=\"wp-block-column is-layout-flow wp-block-column-is-layout-flow\">\n<figure class=\"wp-block-image size-full is-style-rounded is-style-rounded--4\"><img loading=\"lazy\" decoding=\"async\" width=\"1000\" height=\"1000\" src=\"https:\/\/heinz.gmbh\/wp-content\/uploads\/2024\/06\/HEINZ-Parallel-EBS-1000px.png\" alt=\"Einbausatz eines Parallel Kurvengetriebes\" class=\"wp-image-216\" style=\"aspect-ratio:1;object-fit:cover\" srcset=\"https:\/\/heinz.gmbh\/wp-content\/uploads\/2024\/06\/HEINZ-Parallel-EBS-1000px.png 1000w, https:\/\/heinz.gmbh\/wp-content\/uploads\/2024\/06\/HEINZ-Parallel-EBS-1000px-300x300.png 300w, https:\/\/heinz.gmbh\/wp-content\/uploads\/2024\/06\/HEINZ-Parallel-EBS-1000px-150x150.png 150w, https:\/\/heinz.gmbh\/wp-content\/uploads\/2024\/06\/HEINZ-Parallel-EBS-1000px-768x768.png 768w\" sizes=\"auto, (max-width: 1000px) 100vw, 1000px\" \/><\/figure>\n\n\n\n<p class=\"has-text-align-center has-medium-font-size\"><strong>Mechanism<\/strong><\/p>\n<\/div>\n<\/div>\n\n\n\n<div style=\"height:15px\" aria-hidden=\"true\" class=\"wp-block-spacer\"><\/div>\n\n\n\n<p>Due to the support rollers being mounted on both sides of the output shaft, the output is particularly torsionally rigid.<\/p>\n\n\n\n<p>The input and output shafts are precisely adapted to the specific requirements and applications through a variety of variants to ensure optimum performance and efficiency.<\/p>\n\n\n\n<div style=\"height:40px\" aria-hidden=\"true\" class=\"wp-block-spacer\"><\/div>\n\n\n\n<div class=\"wp-block-group has-global-padding is-content-justification-left is-layout-constrained wp-container-core-group-is-layout-a98b9048 wp-block-group-is-layout-constrained\" style=\"margin-top:0;margin-bottom:0;padding-top:0;padding-right:0;padding-bottom:0;padding-left:0\">\n<h3 class=\"wp-block-heading\">PDF-Dimension sheet<\/h3>\n\n\n\n<hr class=\"wp-block-separator has-text-color has-contrast-2-color has-alpha-channel-opacity has-contrast-2-background-color has-background is-style-wide\" style=\"margin-top:var(--wp--preset--spacing--10);margin-bottom:var(--wp--preset--spacing--10)\"\/>\n<\/div>\n\n\n\n<div class=\"wp-block-columns is-layout-flex wp-container-core-columns-is-layout-28f84493 wp-block-columns-is-layout-flex\">\n<div class=\"wp-block-column is-layout-flow wp-block-column-is-layout-flow\" style=\"flex-basis:66.66%\">\n<figure class=\"wp-block-table is-style-stripes\"><table class=\"has-fixed-layout\"><thead><tr><th class=\"has-text-align-center\" data-align=\"center\">HSP<\/th><\/tr><\/thead><tbody><tr><td class=\"has-text-align-center\" data-align=\"center\"><a href=\"https:\/\/heinz.gmbh\/wp-content\/uploads\/2024\/07\/HSP40.pdf\" target=\"_blank\" rel=\"noreferrer noopener\">HSP40 PDF<\/a><\/td><\/tr><tr><td class=\"has-text-align-center\" data-align=\"center\"><a href=\"https:\/\/heinz.gmbh\/wp-content\/uploads\/2024\/07\/HSP50.pdf\" target=\"_blank\" rel=\"noreferrer noopener\">HSP50 PDF<\/a><\/td><\/tr><tr><td class=\"has-text-align-center\" data-align=\"center\"><a href=\"https:\/\/heinz.gmbh\/wp-content\/uploads\/2024\/07\/HSP63.pdf\" target=\"_blank\" rel=\"noreferrer noopener\">HSP63 PDF<\/a><\/td><\/tr><tr><td class=\"has-text-align-center\" data-align=\"center\"><a href=\"https:\/\/heinz.gmbh\/wp-content\/uploads\/2024\/07\/HSP65.pdf\" target=\"_blank\" rel=\"noreferrer noopener\">HSP65 PDF<\/a><\/td><\/tr><tr><td class=\"has-text-align-center\" data-align=\"center\"><a href=\"https:\/\/heinz.gmbh\/wp-content\/uploads\/2024\/07\/HSP80.pdf\" target=\"_blank\" rel=\"noreferrer noopener\">HSP80 PDF<\/a><\/td><\/tr><tr><td class=\"has-text-align-center\" data-align=\"center\"><a href=\"https:\/\/heinz.gmbh\/wp-content\/uploads\/2024\/07\/HSP80X.pdf\" target=\"_blank\" rel=\"noreferrer noopener\">HSP80X(K) PDF<\/a><\/td><\/tr><tr><td class=\"has-text-align-center\" data-align=\"center\"><a href=\"https:\/\/heinz.gmbh\/wp-content\/uploads\/2024\/07\/HSP100.pdf\" target=\"_blank\" rel=\"noreferrer noopener\">HSP100 PDF<\/a><\/td><\/tr><tr><td class=\"has-text-align-center\" data-align=\"center\"><a href=\"https:\/\/heinz.gmbh\/wp-content\/uploads\/2024\/07\/HSP105.pdf\" target=\"_blank\" rel=\"noreferrer noopener\">HSP105 PDF<\/a><\/td><\/tr><tr><td class=\"has-text-align-center\" data-align=\"center\"><a href=\"https:\/\/heinz.gmbh\/wp-content\/uploads\/2024\/07\/HSP125.pdf\" target=\"_blank\" rel=\"noreferrer noopener\">HSP125 PDF<\/a><\/td><\/tr><tr><td class=\"has-text-align-center\" data-align=\"center\"><a href=\"https:\/\/heinz.gmbh\/wp-content\/uploads\/2024\/07\/HSP130.pdf\" target=\"_blank\" rel=\"noreferrer noopener\">HSP130 PDF<\/a><\/td><\/tr><tr><td class=\"has-text-align-center\" data-align=\"center\"><a href=\"https:\/\/heinz.gmbh\/wp-content\/uploads\/2024\/07\/HSP160.pdf\" target=\"_blank\" rel=\"noreferrer noopener\">HSP160 PDF<\/a><\/td><\/tr><tr><td class=\"has-text-align-center\" data-align=\"center\"><a href=\"https:\/\/heinz.gmbh\/wp-content\/uploads\/2024\/07\/HSP165.pdf\" target=\"_blank\" rel=\"noreferrer noopener\">HSP165 PDF<\/a><\/td><\/tr><tr><td class=\"has-text-align-center\" data-align=\"center\"><a href=\"https:\/\/heinz.gmbh\/wp-content\/uploads\/2024\/07\/HSP200.pdf\" target=\"_blank\" rel=\"noreferrer noopener\">HSP200 PDF<\/a><\/td><\/tr><tr><td class=\"has-text-align-center\" data-align=\"center\"><a href=\"https:\/\/heinz.gmbh\/wp-content\/uploads\/2024\/07\/HSP250.pdf\" target=\"_blank\" rel=\"noreferrer noopener\">HSP250 PDF<\/a><\/td><\/tr><tr><td class=\"has-text-align-center\" data-align=\"center\"><a href=\"https:\/\/heinz.gmbh\/wp-content\/uploads\/2024\/07\/HSP315.pdf\" target=\"_blank\" rel=\"noreferrer noopener\">HSP315 PDF<\/a><\/td><\/tr><tr><td class=\"has-text-align-center\" data-align=\"center\">HSP 335 on request<\/td><\/tr><tr><td class=\"has-text-align-center\" data-align=\"center\">HSP 400 on request<\/td><\/tr><tr><td class=\"has-text-align-center\" data-align=\"center\">HSP 450 on request<\/td><\/tr><\/tbody><\/table><\/figure>\n\n\n\n<div style=\"height:40px\" aria-hidden=\"true\" class=\"wp-block-spacer\"><\/div>\n<\/div>\n\n\n\n<div class=\"wp-block-column is-layout-flow wp-block-column-is-layout-flow\" style=\"flex-basis:33.33%\">\n<figure class=\"wp-block-table is-style-stripes\"><table class=\"has-fixed-layout\"><thead><tr><th class=\"has-text-align-center\" data-align=\"center\">Example<\/th><\/tr><\/thead><\/table><\/figure>\n\n\n\n<figure class=\"wp-block-image size-full\"><img loading=\"lazy\" decoding=\"async\" width=\"442\" height=\"626\" src=\"https:\/\/heinz.gmbh\/wp-content\/uploads\/2024\/07\/HSP-Cover.jpg\" alt=\"HSP Parallel-Kurvengetriebe Cover\" class=\"wp-image-757\" srcset=\"https:\/\/heinz.gmbh\/wp-content\/uploads\/2024\/07\/HSP-Cover.jpg 442w, https:\/\/heinz.gmbh\/wp-content\/uploads\/2024\/07\/HSP-Cover-212x300.jpg 212w\" sizes=\"auto, (max-width: 442px) 100vw, 442px\" \/><\/figure>\n\n\n\n<div style=\"height:40px\" aria-hidden=\"true\" class=\"wp-block-spacer\"><\/div>\n<\/div>\n<\/div>\n\n\n\n<div class=\"wp-block-columns is-layout-flex wp-container-core-columns-is-layout-28f84493 wp-block-columns-is-layout-flex\">\n<div class=\"wp-block-column is-layout-flow wp-block-column-is-layout-flow\">\n<div class=\"wp-block-group has-global-padding is-content-justification-left is-layout-constrained wp-container-core-group-is-layout-a98b9048 wp-block-group-is-layout-constrained\" style=\"margin-top:0;margin-bottom:0;padding-top:0;padding-right:0;padding-bottom:0;padding-left:0\">\n<h3 class=\"wp-block-heading\">Explosion protection<\/h3>\n\n\n\n<hr class=\"wp-block-separator has-text-color has-contrast-2-color has-alpha-channel-opacity has-contrast-2-background-color has-background is-style-wide\" style=\"margin-top:var(--wp--preset--spacing--10);margin-bottom:var(--wp--preset--spacing--10)\"\/>\n<\/div>\n\n\n\n<p>If required, our indexers can be supplied in explosion-proof versions.<br>We can confirm the following explosion protection:<br><strong>II 3GD Ex h IIC T5 Gc \/ Ex h IIIC T100\u00b0C Dc<\/strong><br>Zone 2 - gases<br>zone 22 - dusts<\/p>\n\n\n\n<div style=\"height:10px\" aria-hidden=\"true\" class=\"wp-block-spacer\"><\/div>\n\n\n\n<div class=\"wp-block-group has-global-padding is-content-justification-left is-layout-constrained wp-container-core-group-is-layout-a98b9048 wp-block-group-is-layout-constrained\" style=\"margin-top:0;margin-bottom:0;padding-top:0;padding-right:0;padding-bottom:0;padding-left:0\">\n<h3 class=\"wp-block-heading\">HEINZ plus \/ HEINZ flex<\/h3>\n\n\n\n<hr class=\"wp-block-separator has-text-color has-contrast-2-color has-alpha-channel-opacity has-contrast-2-background-color has-background is-style-wide\" style=\"margin-top:var(--wp--preset--spacing--10);margin-bottom:var(--wp--preset--spacing--10)\"\/>\n\n\n\n<p>Increase performance or increase flexibility and achieve the optimal adaptation of our indexer to your application.<br><a href=\"https:\/\/heinz.gmbh\/en\/heinz-plus-flex\/\" data-type=\"page\" data-id=\"827\">Here you can find more information<\/a><\/p>\n<\/div>\n<\/div>\n\n\n\n<div class=\"wp-block-column is-layout-flow wp-block-column-is-layout-flow\">\n<div class=\"wp-block-group has-global-padding is-content-justification-left is-layout-constrained wp-container-core-group-is-layout-a98b9048 wp-block-group-is-layout-constrained\" style=\"margin-top:0;margin-bottom:0;padding-top:0;padding-right:0;padding-bottom:0;padding-left:0\">\n<h3 class=\"wp-block-heading\">Application possibilities<\/h3>\n\n\n\n<hr class=\"wp-block-separator has-text-color has-contrast-2-color has-alpha-channel-opacity has-contrast-2-background-color has-background is-style-wide\" style=\"margin-top:var(--wp--preset--spacing--10);margin-bottom:var(--wp--preset--spacing--10)\"\/>\n<\/div>\n\n\n\n<div class=\"wp-block-columns is-layout-flex wp-container-core-columns-is-layout-28f84493 wp-block-columns-is-layout-flex\">\n<div class=\"wp-block-column is-layout-flow wp-block-column-is-layout-flow\">\n<ul class=\"wp-block-list\">\n<li>Packaging machines<\/li>\n\n\n\n<li>Bottling<\/li>\n\n\n\n<li>Sorting<\/li>\n<\/ul>\n<\/div>\n\n\n\n<div class=\"wp-block-column is-layout-flow wp-block-column-is-layout-flow\">\n<ul class=\"wp-block-list\">\n<li>Chain conveyor<\/li>\n\n\n\n<li>Swivel \/ pendulum unit<\/li>\n<\/ul>\n<\/div>\n<\/div>\n\n\n\n<div class=\"ytdivright\"><iframe id=\"ytplayer\" type=\"text\/html\" width=\"580\" height=\"330\" \nsrc=\"https:\/\/www.youtube.com\/embed\/cye90N2AYX8?autoplay=1&#038;controls=0&#038;loop=1&#038;playlist=cye90N2AYX8\"\nframeborder=\"0\" allowfullscreen><\/iframe><\/div>\n\n\n\n<div style=\"height:40px\" aria-hidden=\"true\" class=\"wp-block-spacer\"><\/div>\n<\/div>\n<\/div>\n\n\n\n<div class=\"wp-block-columns is-layout-flex wp-container-core-columns-is-layout-28f84493 wp-block-columns-is-layout-flex\">\n<div class=\"wp-block-column is-layout-flow wp-block-column-is-layout-flow\">\n<div class=\"wp-block-group has-global-padding is-content-justification-left is-layout-constrained wp-container-core-group-is-layout-a98b9048 wp-block-group-is-layout-constrained\" style=\"margin-top:0;margin-bottom:0;padding-top:0;padding-right:0;padding-bottom:0;padding-left:0\">\n<h3 class=\"wp-block-heading\">Mechanism<\/h3>\n\n\n\n<hr class=\"wp-block-separator has-text-color has-contrast-2-color has-alpha-channel-opacity has-contrast-2-background-color has-background is-style-wide\" style=\"margin-top:var(--wp--preset--spacing--10);margin-bottom:var(--wp--preset--spacing--10)\"\/>\n<\/div>\n\n\n\n<p>Our mechanisms are the central mechanical element of our cam gears and ensure identical functionality. The mechanism is characterized by extreme flexibility in production and can be individually adapted to specific requirements. Adjustments such as individual center distances, bearings and structural design features are possible. Our mechanisms can be optimally integrated into your machines, even in confined spaces or complex arrangements of different components.<\/p>\n\n\n\n<div class=\"ytdivleft\"><iframe id=\"ytplayer\" type=\"text\/html\" width=\"580\" height=\"330\" \nsrc=\"https:\/\/www.youtube.com\/embed\/pufD2dlhMTU?autoplay=1&#038;controls=0&#038;loop=1&#038;playlist=pufD2dlhMTU\"\nframeborder=\"0\" allowfullscreen><\/iframe><\/div>\n\n\n\n<p>Please let us know your specific requirements and the space available in your machine. We will work closely with you to develop a tailor-made mechanism. We will discuss all relevant properties, such as the optimal bearing and lubrication of the mechanism, which play a crucial role in its performance and longevity. This way we ensure that the mechanism is perfectly tailored to your needs and can be efficiently integrated into your machine.<\/p>\n\n\n\n<div style=\"height:40px\" aria-hidden=\"true\" class=\"wp-block-spacer\"><\/div>\n<\/div>\n\n\n\n<div class=\"wp-block-column is-layout-flow wp-block-column-is-layout-flow\">\n<div class=\"wp-block-group has-global-padding is-content-justification-left is-layout-constrained wp-container-core-group-is-layout-a98b9048 wp-block-group-is-layout-constrained\" style=\"margin-top:0;margin-bottom:0;padding-top:0;padding-right:0;padding-bottom:0;padding-left:0\">\n<h3 class=\"wp-block-heading\">Pendulum gear<\/h3>\n\n\n\n<hr class=\"wp-block-separator has-text-color has-contrast-2-color has-alpha-channel-opacity has-contrast-2-background-color has-background is-style-wide\" style=\"margin-top:var(--wp--preset--spacing--10);margin-bottom:var(--wp--preset--spacing--10)\"\/>\n<\/div>\n\n\n\n<p>Our parallel cam gears of the HSP series are also available as pendulum gears. When the drive shaft rotates continuously, the output shaft performs a pendulum movement. The switching angles can be varied greatly, so that pilgrim step applications are also possible. We would be happy to help you design the required pendulum movement for your specific application.<\/p>\n\n\n\n<ul class=\"wp-block-list\">\n<li><a href=\"https:\/\/heinz.gmbh\/wp-content\/uploads\/2024\/07\/HSP-Pendelfragebogen-D.pdf\" data-type=\"attachment\" data-id=\"815\" target=\"_blank\" rel=\"noreferrer noopener\">HSP Pendulum (German) [PDF]<\/a><\/li>\n\n\n\n<li><a href=\"https:\/\/heinz.gmbh\/wp-content\/uploads\/2024\/07\/HSP-Pendelfragebogen-E-F.pdf\" data-type=\"attachment\" data-id=\"816\" target=\"_blank\" rel=\"noreferrer noopener\">HSP Pendulum (English) [PDF]<\/a><\/li>\n\n\n\n<li><a href=\"https:\/\/heinz.gmbh\/wp-content\/uploads\/2024\/07\/HSP-Pendelfragebogen-E-F.pdf\" data-type=\"attachment\" data-id=\"816\" target=\"_blank\" rel=\"noreferrer noopener\">HSP Pendulum (France) [PDF]<\/a><\/li>\n<\/ul>\n\n\n\n<div style=\"height:40px\" aria-hidden=\"true\" class=\"wp-block-spacer\"><\/div>\n<\/div>\n<\/div>","protected":false},"excerpt":{"rendered":"<p>Parallel Kurvengetriebe &#8211; HSP Parallele Antriebs- und Abtriebswelle Die Parallelkurvengetriebe der Baureihe HSP sind ebene Kurvengetriebe, die aufgrund ihrer langen Rastphase und der parallelen An- und Abtriebswellen oft als Antrieb f\u00fcr F\u00f6rdereinheiten verwendet werden. Sie sind auch ideal f\u00fcr Schwenkeinheiten geeignet, die eine extrem schnelle und pr\u00e4zise Positionierung erfordern. Dar\u00fcber hinaus k\u00f6nnen sie auch als [&hellip;]<\/p>","protected":false},"author":1,"featured_media":0,"parent":0,"menu_order":0,"comment_status":"closed","ping_status":"closed","template":"page-wide","meta":{"footnotes":""},"class_list":["post-212","page","type-page","status-publish","hentry"],"_links":{"self":[{"href":"https:\/\/heinz.gmbh\/en\/wp-json\/wp\/v2\/pages\/212","targetHints":{"allow":["GET"]}}],"collection":[{"href":"https:\/\/heinz.gmbh\/en\/wp-json\/wp\/v2\/pages"}],"about":[{"href":"https:\/\/heinz.gmbh\/en\/wp-json\/wp\/v2\/types\/page"}],"author":[{"embeddable":true,"href":"https:\/\/heinz.gmbh\/en\/wp-json\/wp\/v2\/users\/1"}],"replies":[{"embeddable":true,"href":"https:\/\/heinz.gmbh\/en\/wp-json\/wp\/v2\/comments?post=212"}],"version-history":[{"count":20,"href":"https:\/\/heinz.gmbh\/en\/wp-json\/wp\/v2\/pages\/212\/revisions"}],"predecessor-version":[{"id":1141,"href":"https:\/\/heinz.gmbh\/en\/wp-json\/wp\/v2\/pages\/212\/revisions\/1141"}],"wp:attachment":[{"href":"https:\/\/heinz.gmbh\/en\/wp-json\/wp\/v2\/media?parent=212"}],"curies":[{"name":"wp","href":"https:\/\/api.w.org\/{rel}","templated":true}]}}