{"id":119,"date":"2024-05-07T13:59:51","date_gmt":"2024-05-07T11:59:51","guid":{"rendered":"http:\/\/xyz123.heinz.gmbh\/?page_id=119"},"modified":"2024-07-11T13:38:04","modified_gmt":"2024-07-11T11:38:04","slug":"cad","status":"publish","type":"page","link":"https:\/\/heinz.gmbh\/en\/cad\/","title":{"rendered":"CAD Daten"},"content":{"rendered":"<h2 class=\"wp-block-heading\">CAD data of our indexers<\/h2>\n\n\n\n<p>Please note that CAD data is only available to registered users. This data corresponds to the models in our catalog and is provided as a ZIP archive. Registration is free and gives you access to all the CAD data you need. Register to benefit from this service! <a href=\"https:\/\/heinz.gmbh\/en\/register\/\">Register now!<\/a><\/p>\n\n\n\n<div class=\"wp-block-group alignfull has-global-padding is-layout-constrained wp-container-core-group-is-layout-52ebe8e1 wp-block-group-is-layout-constrained\" style=\"margin-top:0;margin-bottom:0;padding-top:var(--wp--preset--spacing--20);padding-right:var(--wp--preset--spacing--40);padding-bottom:var(--wp--preset--spacing--20);padding-left:var(--wp--preset--spacing--40)\">\n<div class=\"wp-block-columns alignwide is-layout-flex wp-container-core-columns-is-layout-4935966c wp-block-columns-is-layout-flex\" style=\"padding-right:0;padding-left:0\">\n<div class=\"wp-block-column is-layout-flow wp-block-column-is-layout-flow\">\n<figure class=\"wp-block-image size-full has-custom-border is-style-rounded is-style-rounded--2\"><a href=\"https:\/\/heinz.gmbh\/en\/cad\/hsg-cad-download\/\"><img loading=\"lazy\" decoding=\"async\" width=\"1000\" height=\"1000\" src=\"https:\/\/heinz.gmbh\/wp-content\/uploads\/2024\/05\/HSG152.png\" alt=\"Globoid-Kurvengetriebe HTSG\" class=\"wp-image-167\" style=\"border-radius:0px;aspect-ratio:1;object-fit:contain\" srcset=\"https:\/\/heinz.gmbh\/wp-content\/uploads\/2024\/05\/HSG152.png 1000w, https:\/\/heinz.gmbh\/wp-content\/uploads\/2024\/05\/HSG152-300x300.png 300w, https:\/\/heinz.gmbh\/wp-content\/uploads\/2024\/05\/HSG152-150x150.png 150w, https:\/\/heinz.gmbh\/wp-content\/uploads\/2024\/05\/HSG152-768x768.png 768w, https:\/\/heinz.gmbh\/wp-content\/uploads\/2024\/05\/HSG152-200x200.png 200w\" sizes=\"auto, (max-width: 1000px) 100vw, 1000px\" \/><\/a><\/figure>\n\n\n\n<div class=\"wp-block-group is-vertical is-content-justification-center is-nowrap is-layout-flex wp-container-core-group-is-layout-21d4e958 wp-block-group-is-layout-flex\">\n<p class=\"has-text-align-center has-small-font-size\"><strong><a href=\"https:\/\/heinz.gmbh\/en\/cad\/hsg-cad-download\/\" data-type=\"page\" data-id=\"126\">Globoidal cam gear<\/a><\/strong><\/p>\n<\/div>\n<\/div>\n\n\n\n<div class=\"wp-block-column is-layout-flow wp-block-column-is-layout-flow\">\n<figure class=\"wp-block-image size-full is-style-rounded is-style-rounded--3\"><a href=\"https:\/\/heinz.gmbh\/en\/kurvengetriebe-parallel-hsp\/\"><img loading=\"lazy\" decoding=\"async\" width=\"1000\" height=\"1000\" src=\"https:\/\/heinz.gmbh\/wp-content\/uploads\/2024\/07\/Render-HSP80-ISO.png\" alt=\"Parallel-Kurvengetriebe-HSP\" class=\"wp-image-628\" style=\"aspect-ratio:1;object-fit:contain\" srcset=\"https:\/\/heinz.gmbh\/wp-content\/uploads\/2024\/07\/Render-HSP80-ISO.png 1000w, https:\/\/heinz.gmbh\/wp-content\/uploads\/2024\/07\/Render-HSP80-ISO-300x300.png 300w, https:\/\/heinz.gmbh\/wp-content\/uploads\/2024\/07\/Render-HSP80-ISO-150x150.png 150w, https:\/\/heinz.gmbh\/wp-content\/uploads\/2024\/07\/Render-HSP80-ISO-768x768.png 768w, https:\/\/heinz.gmbh\/wp-content\/uploads\/2024\/07\/Render-HSP80-ISO-200x200.png 200w\" sizes=\"auto, (max-width: 1000px) 100vw, 1000px\" \/><\/a><\/figure>\n\n\n\n<div class=\"wp-block-group is-vertical is-content-justification-center is-nowrap is-layout-flex wp-container-core-group-is-layout-63bfd6c1 wp-block-group-is-layout-flex\">\n<p class=\"has-text-align-center has-small-font-size\"><strong><a href=\"https:\/\/heinz.gmbh\/en\/cad\/hsp-cad-download\/\" data-type=\"page\" data-id=\"552\">Parallel cam gear<\/a><\/strong><\/p>\n<\/div>\n<\/div>\n\n\n\n<div class=\"wp-block-column is-layout-flow wp-block-column-is-layout-flow\">\n<figure class=\"wp-block-image size-full has-custom-border is-style-rounded wp-duotone-unset-5 is-style-rounded--4\"><a href=\"https:\/\/heinz.gmbh\/en\/cad\/ht-cad-download\/\"><img loading=\"lazy\" decoding=\"async\" width=\"1000\" height=\"1000\" src=\"https:\/\/heinz.gmbh\/wp-content\/uploads\/2024\/05\/H1300.png\" alt=\"Globoid-Rundtisch H\" class=\"wp-image-165\" style=\"border-radius:0px;aspect-ratio:1;object-fit:contain\" srcset=\"https:\/\/heinz.gmbh\/wp-content\/uploads\/2024\/05\/H1300.png 1000w, https:\/\/heinz.gmbh\/wp-content\/uploads\/2024\/05\/H1300-300x300.png 300w, https:\/\/heinz.gmbh\/wp-content\/uploads\/2024\/05\/H1300-150x150.png 150w, https:\/\/heinz.gmbh\/wp-content\/uploads\/2024\/05\/H1300-768x768.png 768w, https:\/\/heinz.gmbh\/wp-content\/uploads\/2024\/05\/H1300-200x200.png 200w\" sizes=\"auto, (max-width: 1000px) 100vw, 1000px\" \/><\/a><\/figure>\n\n\n\n<div class=\"wp-block-group is-vertical is-content-justification-center is-nowrap is-layout-flex wp-container-core-group-is-layout-63bfd6c1 wp-block-group-is-layout-flex\">\n<p class=\"has-text-align-center has-small-font-size\"><strong><a href=\"https:\/\/heinz.gmbh\/en\/cad\/ht-cad-download\/\" data-type=\"page\" data-id=\"573\">Globoidal index table<\/a><\/strong><\/p>\n<\/div>\n<\/div>\n\n\n\n<div class=\"wp-block-column is-layout-flow wp-block-column-is-layout-flow\">\n<figure class=\"wp-block-image size-full is-style-rounded is-style-rounded--6\"><a href=\"https:\/\/heinz.gmbh\/en\/cad\/htt-cad-download\/\"><img loading=\"lazy\" decoding=\"async\" width=\"1000\" height=\"1000\" src=\"https:\/\/heinz.gmbh\/wp-content\/uploads\/2024\/05\/HR800.png\" alt=\"Ring-Rundtisch HR\" class=\"wp-image-166\" style=\"aspect-ratio:1;object-fit:contain\" srcset=\"https:\/\/heinz.gmbh\/wp-content\/uploads\/2024\/05\/HR800.png 1000w, https:\/\/heinz.gmbh\/wp-content\/uploads\/2024\/05\/HR800-300x300.png 300w, https:\/\/heinz.gmbh\/wp-content\/uploads\/2024\/05\/HR800-150x150.png 150w, https:\/\/heinz.gmbh\/wp-content\/uploads\/2024\/05\/HR800-768x768.png 768w, https:\/\/heinz.gmbh\/wp-content\/uploads\/2024\/05\/HR800-200x200.png 200w\" sizes=\"auto, (max-width: 1000px) 100vw, 1000px\" \/><\/a><\/figure>\n\n\n\n<div class=\"wp-block-group is-vertical is-content-justification-center is-nowrap is-layout-flex wp-container-core-group-is-layout-21d4e958 wp-block-group-is-layout-flex\">\n<p class=\"has-text-align-center has-small-font-size\"><strong><a href=\"https:\/\/heinz.gmbh\/en\/cad\/htt-cad-download\/\" data-type=\"page\" data-id=\"597\">Cylindrical cam gear<\/a><\/strong><\/p>\n<\/div>\n<\/div>\n\n\n\n<div class=\"wp-block-column is-layout-flow wp-block-column-is-layout-flow\">\n<figure class=\"wp-block-image size-full is-style-rounded is-style-rounded--7\"><img loading=\"lazy\" decoding=\"async\" width=\"1000\" height=\"1000\" src=\"https:\/\/heinz.gmbh\/wp-content\/uploads\/2024\/05\/HHG75.png\" alt=\"Hub-Schwenk-Getriebe HHG\" class=\"wp-image-169\" style=\"aspect-ratio:1;object-fit:contain\" srcset=\"https:\/\/heinz.gmbh\/wp-content\/uploads\/2024\/05\/HHG75.png 1000w, https:\/\/heinz.gmbh\/wp-content\/uploads\/2024\/05\/HHG75-300x300.png 300w, https:\/\/heinz.gmbh\/wp-content\/uploads\/2024\/05\/HHG75-150x150.png 150w, https:\/\/heinz.gmbh\/wp-content\/uploads\/2024\/05\/HHG75-768x768.png 768w, https:\/\/heinz.gmbh\/wp-content\/uploads\/2024\/05\/HHG75-200x200.png 200w\" sizes=\"auto, (max-width: 1000px) 100vw, 1000px\" \/><\/figure>\n\n\n\n<div class=\"wp-block-group is-vertical is-content-justification-center is-nowrap is-layout-flex wp-container-core-group-is-layout-21d4e958 wp-block-group-is-layout-flex\">\n<p class=\"has-text-align-center has-small-font-size\"><strong><a href=\"https:\/\/heinz.gmbh\/en\/cad\/hhg-cad-download\/\" data-type=\"page\" data-id=\"609\">Pick and Placer<\/a><\/strong><\/p>\n<\/div>\n<\/div>\n<\/div>\n<\/div>","protected":false},"excerpt":{"rendered":"<p>CAD Daten unserer Getriebe Bitte beachten Sie, CAD-Daten stehen nur f\u00fcr registrierte Nutzer zur Verf\u00fcgung. Diese Daten entsprechen den Modellen unserer Katalogausf\u00fchrung und werden als ZIP-Archiv bereitgestellt. Die Registrierung ist kostenlos und erm\u00f6glicht Ihnen den Zugriff auf alle ben\u00f6tigten CAD-Daten. Melden Sie sich an, um von diesem Service zu profitieren! Jetzt Registrieren! Globoid-Kurvengetriebe Parallel-Kurvengetriebe Globoid-Rundtische [&hellip;]<\/p>","protected":false},"author":1,"featured_media":0,"parent":0,"menu_order":0,"comment_status":"closed","ping_status":"closed","template":"page-wide","meta":{"footnotes":""},"class_list":["post-119","page","type-page","status-publish","hentry"],"_links":{"self":[{"href":"https:\/\/heinz.gmbh\/en\/wp-json\/wp\/v2\/pages\/119","targetHints":{"allow":["GET"]}}],"collection":[{"href":"https:\/\/heinz.gmbh\/en\/wp-json\/wp\/v2\/pages"}],"about":[{"href":"https:\/\/heinz.gmbh\/en\/wp-json\/wp\/v2\/types\/page"}],"author":[{"embeddable":true,"href":"https:\/\/heinz.gmbh\/en\/wp-json\/wp\/v2\/users\/1"}],"replies":[{"embeddable":true,"href":"https:\/\/heinz.gmbh\/en\/wp-json\/wp\/v2\/comments?post=119"}],"version-history":[{"count":5,"href":"https:\/\/heinz.gmbh\/en\/wp-json\/wp\/v2\/pages\/119\/revisions"}],"predecessor-version":[{"id":662,"href":"https:\/\/heinz.gmbh\/en\/wp-json\/wp\/v2\/pages\/119\/revisions\/662"}],"wp:attachment":[{"href":"https:\/\/heinz.gmbh\/en\/wp-json\/wp\/v2\/media?parent=119"}],"curies":[{"name":"wp","href":"https:\/\/api.w.org\/{rel}","templated":true}]}}